{"id":7487,"date":"2025-07-16T16:19:59","date_gmt":"2025-07-16T16:19:59","guid":{"rendered":"https:\/\/www.carterbloodcare.org\/es\/?page_id=7487"},"modified":"2025-07-16T20:21:43","modified_gmt":"2025-07-16T20:21:43","slug":"compromiso-de-la-comunidad","status":"publish","type":"page","link":"https:\/\/www.carterbloodcare.org\/es\/quienes-somos\/compromiso-de-la-comunidad\/","title":{"rendered":"Comunidad"},"content":{"rendered":"\n                    <div id=\"headlines-block_899851593ae42f1c5b28a1a5f2e1460c\" class=\"headlines small-height\">\n            <div class=\"grid-container header-margins\">\n                <div class=\"grid-x grid-full-content\">\n                    <div class=\"cell large-12 medium-12 small-12\">\n                                                <div class=\"title\"><h1>El Compromiso de la comunidad <\/h1><\/div>\n                                                                    <\/div>\n\n                <\/div>\n            <\/div>\n        <\/div>\n\n                <style text=\"text\/css\">\n            #headlines-block_899851593ae42f1c5b28a1a5f2e1460c{\n                                background-image: url('https:\/\/www.carterbloodcare.org\/es\/wp-content\/uploads\/sites\/10\/2021\/11\/horizontal-background.png');\n            }\n                        @media screen and (max-width: 640px) {\n                #headlines-block_899851593ae42f1c5b28a1a5f2e1460c{\n                                        background-image: url('https:\/\/www.carterbloodcare.org\/es\/wp-content\/uploads\/sites\/10\/2021\/11\/horizontal-background.png');\n                }\n            }\n                    <\/style>\n            \n\n                    <div id=\"wysiwyg-block_f9ee954cfb64de4d5224f1ac082353c7\" class=\"wysiwyg\">\n            <div class=\"grid-container\">\n                <div class=\"grid-x grid-full-content\">\n                    <div class=\"cell large-12 medium-12 small-12\">\n                                                <h3 style=\"text-align: center;\" data-pm-slice=\"1 1 []\"><span style=\"color: #00718f;\"><strong>En Carter BloodCare nos complace participar en eventos importantes para nuestras comunidades.\u00a0 El compromiso de la comunidad es vital para la donaci\u00f3n de sangre, ya que fomenta la confianza, aumenta la concienciaci\u00f3n y motiva a la acci\u00f3n.<\/strong><\/span><\/h3>\n<h3 style=\"text-align: center;\"><\/h3>\n<p>&nbsp;<\/p>\n<h3 style=\"text-align: center;\"><span style=\"color: #00718f;\"><strong>\u00a1Echa un vistazo a los emocionantes eventos en los que hemos participado \u00faltimamente! \u00a0No te pierdas estos importantes eventos.<\/strong><\/span><\/h3>\n<p>&nbsp;<\/p>\n                                            <\/div>\n                <\/div>\n            <\/div>\n        <\/div>\n                <style text=\"text\/css\">\n            #wysiwyg-block_f9ee954cfb64de4d5224f1ac082353c7{\n                                padding-top: 100px;\n                                                padding-bottom: 100px;\n                            }\n                        @media screen and (max-width: 1023px){\n                #wysiwyg-block_f9ee954cfb64de4d5224f1ac082353c7{\n                                            padding-top: 50px;\n                                                                padding-bottom: 50px;\n                                    }\n            }\n                    <\/style>\n            \n\n                    <div id=\"wysiwyg-block_b5db83a9a9ccbe1da33095ddc4d46501\" class=\"wysiwyg\">\n            <div class=\"grid-container\">\n                <div class=\"grid-x grid-full-content\">\n                    <div class=\"cell large-12 medium-12 small-12\">\n                                                <h2><strong><span style=\"color: #00718f;\">Stomp Wars<\/span><\/strong><\/h2>\n                                            <\/div>\n                <\/div>\n            <\/div>\n        <\/div>\n                <style text=\"text\/css\">\n            #wysiwyg-block_b5db83a9a9ccbe1da33095ddc4d46501{\n                                                padding-bottom: 30px;\n                            }\n                    <\/style>\n            \n\n\n<div class=\"wp-block-columns is-layout-flex wp-container-core-columns-is-layout-9d6595d7 wp-block-columns-is-layout-flex\">\n<div class=\"wp-block-column is-layout-flow wp-block-column-is-layout-flow\"><\/div>\n\n\n\n<div class=\"wp-block-column is-layout-flow wp-block-column-is-layout-flow\">\n<figure class=\"wp-block-image size-large\"><img decoding=\"async\" src=\"https:\/\/www.carterbloodcare.org\/wp-content\/uploads\/2025\/06\/6-Sponsor-Signage-768x1024.jpg\" alt=\"\" class=\"wp-image-11503\"\/><\/figure>\n<\/div>\n\n\n\n<div class=\"wp-block-column is-layout-flow wp-block-column-is-layout-flow\">\n<figure class=\"wp-block-image size-full\"><img decoding=\"async\" src=\"https:\/\/www.carterbloodcare.org\/wp-content\/uploads\/2025\/06\/14-Performance-3.jpg\" alt=\"\" class=\"wp-image-11497\"\/><\/figure>\n\n\n\n<figure class=\"wp-block-image size-large\"><img decoding=\"async\" src=\"https:\/\/www.carterbloodcare.org\/wp-content\/uploads\/2025\/06\/16-Middle-School-Champions-1024x681.jpg\" alt=\"\" class=\"wp-image-11499\"\/><\/figure>\n<\/div>\n\n\n\n<div class=\"wp-block-column is-layout-flow wp-block-column-is-layout-flow\">\n<figure class=\"wp-block-image size-full\"><img decoding=\"async\" src=\"https:\/\/www.carterbloodcare.org\/wp-content\/uploads\/2025\/06\/12-Performance-1.webp\" alt=\"\" class=\"wp-image-11498\"\/><\/figure>\n\n\n\n<figure class=\"wp-block-image size-large\"><img decoding=\"async\" src=\"https:\/\/www.carterbloodcare.org\/wp-content\/uploads\/2025\/06\/15-Rock-T-and-Judges-1024x683.jpg\" alt=\"\" class=\"wp-image-11500\"\/><\/figure>\n<\/div>\n\n\n\n<div class=\"wp-block-column is-layout-flow wp-block-column-is-layout-flow\">\n<figure class=\"wp-block-image size-large\"><img decoding=\"async\" src=\"https:\/\/www.carterbloodcare.org\/wp-content\/uploads\/2025\/06\/10-Rock-T-and-Arlington-Mayor-3-768x1024.jpg\" alt=\"\" class=\"wp-image-11501\"\/><\/figure>\n<\/div>\n\n\n\n<div class=\"wp-block-column is-layout-flow wp-block-column-is-layout-flow\"><\/div>\n<\/div>\n\n\n                    <div id=\"wysiwyg-block_68414ef2c9ad53456cf6633f6241ebe6\" class=\"wysiwyg\"style=\"background: #f7f7f7;\">\n            <div class=\"grid-container\">\n                <div class=\"grid-x grid-full-content\">\n                    <div class=\"cell large-12 medium-12 small-12\">\n                                                <h2 style=\"text-align: right;\"><strong><span style=\"color: #00718f;\">PASS Annual Exam Review<\/span><\/strong><\/h2>\n                                            <\/div>\n                <\/div>\n            <\/div>\n        <\/div>\n                <style text=\"text\/css\">\n            #wysiwyg-block_68414ef2c9ad53456cf6633f6241ebe6{\n                                padding-top: 60px;\n                                                padding-bottom: 30px;\n                            }\n                        @media screen and (max-width: 1023px){\n                #wysiwyg-block_68414ef2c9ad53456cf6633f6241ebe6{\n                                            padding-top: 30px;\n                                                        }\n            }\n                    <\/style>\n            \n\n\n<div class=\"wp-block-columns has-background is-layout-flex wp-container-core-columns-is-layout-9d6595d7 wp-block-columns-is-layout-flex\" style=\"background-color:#f7f7f7\">\n<div class=\"wp-block-column is-layout-flow wp-block-column-is-layout-flow\"><\/div>\n\n\n\n<div class=\"wp-block-column is-layout-flow wp-block-column-is-layout-flow\">\n<figure class=\"wp-block-image size-large\"><img decoding=\"async\" src=\"https:\/\/www.carterbloodcare.org\/wp-content\/uploads\/2025\/06\/IMG_3869-1024x683.jpg\" alt=\"\" class=\"wp-image-11519\"\/><\/figure>\n<\/div>\n\n\n\n<div class=\"wp-block-column is-layout-flow wp-block-column-is-layout-flow\">\n<figure class=\"wp-block-image size-full\"><img decoding=\"async\" src=\"https:\/\/www.carterbloodcare.org\/wp-content\/uploads\/2025\/06\/IMG_3854-scaled.jpg\" alt=\"\" class=\"wp-image-11518\"\/><\/figure>\n<\/div>\n\n\n\n<div class=\"wp-block-column is-layout-flow wp-block-column-is-layout-flow\">\n<figure class=\"wp-block-image size-full\"><img decoding=\"async\" src=\"https:\/\/www.carterbloodcare.org\/wp-content\/uploads\/2025\/06\/IMG_3834-scaled.jpg\" alt=\"\" class=\"wp-image-11517\"\/><\/figure>\n<\/div>\n\n\n\n<div class=\"wp-block-column is-layout-flow wp-block-column-is-layout-flow\">\n<figure class=\"wp-block-image size-large\"><img decoding=\"async\" src=\"https:\/\/www.carterbloodcare.org\/wp-content\/uploads\/2025\/06\/IMG_3822-scaled-e1750790243297-1024x747.jpg\" alt=\"\" class=\"wp-image-11515\"\/><\/figure>\n<\/div>\n\n\n\n<div class=\"wp-block-column is-layout-flow wp-block-column-is-layout-flow\"><\/div>\n<\/div>\n\n\n                    <div id=\"wysiwyg-block_e87e3b1ac7213b6a4759d40f09114c64\" class=\"wysiwyg\"style=\"background: #f7f7f7;\">\n            <div class=\"grid-container\">\n                <div class=\"grid-x grid-full-content\">\n                    <div class=\"cell large-12 medium-12 small-12\">\n                                                <h2><strong><span style=\"color: #00718f;\">University Blood Initiative con UT Dallas<\/span><\/strong><\/h2>\n                                            <\/div>\n                <\/div>\n            <\/div>\n        <\/div>\n                <style text=\"text\/css\">\n            #wysiwyg-block_e87e3b1ac7213b6a4759d40f09114c64{\n                                padding-top: 60px;\n                                                padding-bottom: 30px;\n                            }\n                        @media screen and (max-width: 1023px){\n                #wysiwyg-block_e87e3b1ac7213b6a4759d40f09114c64{\n                                            padding-top: 30px;\n                                                        }\n            }\n                    <\/style>\n            \n\n\n<div class=\"wp-block-columns has-background is-layout-flex wp-container-core-columns-is-layout-9d6595d7 wp-block-columns-is-layout-flex\" style=\"background-color:#f7f7f7\">\n<div class=\"wp-block-column is-layout-flow wp-block-column-is-layout-flow\"><\/div>\n\n\n\n<div class=\"wp-block-column is-layout-flow wp-block-column-is-layout-flow\">\n<figure class=\"wp-block-image size-full\"><img decoding=\"async\" src=\"https:\/\/www.carterbloodcare.org\/wp-content\/uploads\/2025\/06\/IMG_5260.jpg\" alt=\"\" class=\"wp-image-11523\"\/><\/figure>\n<\/div>\n\n\n\n<div class=\"wp-block-column is-layout-flow wp-block-column-is-layout-flow\">\n<figure class=\"wp-block-image size-full\"><img decoding=\"async\" src=\"https:\/\/www.carterbloodcare.org\/wp-content\/uploads\/2025\/06\/IMG_5261.jpg\" alt=\"\" class=\"wp-image-11524\"\/><\/figure>\n<\/div>\n\n\n\n<div class=\"wp-block-column is-layout-flow wp-block-column-is-layout-flow\">\n<figure class=\"wp-block-image size-full\"><img decoding=\"async\" src=\"https:\/\/www.carterbloodcare.org\/wp-content\/uploads\/2025\/06\/IMG_5263.jpg\" alt=\"\" class=\"wp-image-11525\"\/><\/figure>\n<\/div>\n\n\n\n<div class=\"wp-block-column is-layout-flow wp-block-column-is-layout-flow\">\n<figure class=\"wp-block-image size-full\"><img decoding=\"async\" src=\"https:\/\/www.carterbloodcare.org\/wp-content\/uploads\/2025\/06\/IMG_5264-rotated-e1750185404814.jpg\" alt=\"\" class=\"wp-image-11526\"\/><\/figure>\n<\/div>\n\n\n\n<div class=\"wp-block-column is-layout-flow wp-block-column-is-layout-flow\"><\/div>\n<\/div>\n\n\n                    <div id=\"wysiwyg-block_664bd026d868e41401fac3f4569bfd18\" class=\"wysiwyg\"style=\"background: #f7f7f7;\">\n            <div class=\"grid-container\">\n                <div class=\"grid-x grid-full-content\">\n                    <div class=\"cell large-12 medium-12 small-12\">\n                                                <h2 style=\"text-align: right;\"><strong><span style=\"color: #00718f;\">Carter BloodCare Feria de Trabajo<\/span><\/strong><\/h2>\n                                            <\/div>\n                <\/div>\n            <\/div>\n        <\/div>\n                <style text=\"text\/css\">\n            #wysiwyg-block_664bd026d868e41401fac3f4569bfd18{\n                                padding-top: 60px;\n                                                padding-bottom: 30px;\n                            }\n                        @media screen and (max-width: 1023px){\n                #wysiwyg-block_664bd026d868e41401fac3f4569bfd18{\n                                            padding-top: 30px;\n                                                        }\n            }\n                    <\/style>\n            \n\n\n<div class=\"wp-block-columns has-background is-layout-flex wp-container-core-columns-is-layout-9d6595d7 wp-block-columns-is-layout-flex\" style=\"background-color:#f7f7f7\">\n<div class=\"wp-block-column is-layout-flow wp-block-column-is-layout-flow\"><\/div>\n\n\n\n<div class=\"wp-block-column is-layout-flow wp-block-column-is-layout-flow\">\n<figure class=\"wp-block-image size-full\"><img decoding=\"async\" src=\"https:\/\/www.carterbloodcare.org\/wp-content\/uploads\/2025\/06\/DSC_0211-scaled.jpg\" alt=\"\" class=\"wp-image-11540\"\/><\/figure>\n<\/div>\n\n\n\n<div class=\"wp-block-column is-layout-flow wp-block-column-is-layout-flow\">\n<figure class=\"wp-block-image size-full\"><img decoding=\"async\" src=\"https:\/\/www.carterbloodcare.org\/wp-content\/uploads\/2025\/06\/DSC_0245-scaled.jpg\" alt=\"\" class=\"wp-image-11541\"\/><\/figure>\n<\/div>\n\n\n\n<div class=\"wp-block-column is-layout-flow wp-block-column-is-layout-flow\">\n<figure class=\"wp-block-image size-full\"><img decoding=\"async\" src=\"https:\/\/www.carterbloodcare.org\/wp-content\/uploads\/2025\/06\/DSC_0143-scaled.jpg\" alt=\"\" class=\"wp-image-11539\"\/><\/figure>\n<\/div>\n\n\n\n<div class=\"wp-block-column is-layout-flow wp-block-column-is-layout-flow\">\n<figure class=\"wp-block-image size-full\"><img decoding=\"async\" src=\"https:\/\/www.carterbloodcare.org\/wp-content\/uploads\/2025\/06\/DSC_0070-scaled.jpg\" alt=\"\" class=\"wp-image-11537\"\/><\/figure>\n<\/div>\n\n\n\n<div class=\"wp-block-column is-layout-flow wp-block-column-is-layout-flow\"><\/div>\n<\/div>\n\n\n                    <div id=\"follow-cta-block_354a2cdbf5939f1e92d1d82d378f7313\" class=\"follow-cta white\"style=\"background: linear-gradient(to right, #00546E, #67BBD2),\n            url('\/wp-content\/themes\/cbc\/assets\/images\/transparent-background.png');\">\n            <div class=\"grid-container margins\">\n                <div class=\"grid-x grid-full-content\">\n                    <div class=\"cell large-shrink medium-shrink small-12\">\n                                                <div class=\"icon\">\n                                                            <img decoding=\"async\" src=\"https:\/\/www.carterbloodcare.org\/es\/wp-content\/uploads\/sites\/10\/2025\/07\/instagram-icon-scaled-e1752681227725.png\" alt=\"\" \/>\n                        <\/div>\n                        \n                                                <div class=\"title h3\">Sigue a Carter BloodCare en Instagram<\/div>\n                        \n                                                <div class=\"link textlink-one\"><a href=\"https:\/\/www.instagram.com\/carterbloodcare\/\" target=\"_blank\" rel=\"nofollow\" aria-labelledby=\"Seguir\" class=\"button\">Seguir<\/a><\/div>\n                                            <\/div>\n                <\/div>\n            <\/div>\n        <\/div>\n\n                <style text=\"text\/css\">\n            #follow-cta-block_354a2cdbf5939f1e92d1d82d378f7313{\n                                padding-top: 50px;\n                                                padding-bottom: 50px;\n                            }\n                    <\/style>\n            ","protected":false},"excerpt":{"rendered":"","protected":false},"author":20,"featured_media":0,"parent":2006,"menu_order":0,"comment_status":"closed","ping_status":"closed","template":"","meta":{"_acf_changed":true,"footnotes":""},"class_list":["post-7487","page","type-page","status-publish","hentry"],"acf":[],"yoast_head":"<!-- This site is optimized with the Yoast SEO plugin v27.3 - https:\/\/yoast.com\/product\/yoast-seo-wordpress\/ -->\n<title>Comunidad - Carter BloodCare (Espa\u00f1ol)<\/title>\n<meta name=\"robots\" content=\"index, follow, max-snippet:-1, max-image-preview:large, max-video-preview:-1\" \/>\n<link rel=\"canonical\" href=\"https:\/\/www.carterbloodcare.org\/es\/quienes-somos\/compromiso-de-la-comunidad\/\" \/>\n<meta property=\"og:locale\" content=\"en_US\" \/>\n<meta property=\"og:type\" content=\"article\" \/>\n<meta property=\"og:title\" content=\"Comunidad - Carter BloodCare (Espa\u00f1ol)\" \/>\n<meta property=\"og:url\" content=\"https:\/\/www.carterbloodcare.org\/es\/quienes-somos\/compromiso-de-la-comunidad\/\" \/>\n<meta property=\"og:site_name\" content=\"Carter BloodCare (Espa\u00f1ol)\" \/>\n<meta property=\"article:modified_time\" content=\"2025-07-16T20:21:43+00:00\" \/>\n<meta name=\"twitter:card\" content=\"summary_large_image\" \/>\n<meta name=\"twitter:label1\" content=\"Est. reading time\" \/>\n\t<meta name=\"twitter:data1\" content=\"5 minutes\" \/>\n<script type=\"application\/ld+json\" class=\"yoast-schema-graph\">{\"@context\":\"https:\\\/\\\/schema.org\",\"@graph\":[{\"@type\":\"WebPage\",\"@id\":\"https:\\\/\\\/www.carterbloodcare.org\\\/es\\\/quienes-somos\\\/compromiso-de-la-comunidad\\\/\",\"url\":\"https:\\\/\\\/www.carterbloodcare.org\\\/es\\\/quienes-somos\\\/compromiso-de-la-comunidad\\\/\",\"name\":\"Comunidad - Carter BloodCare (Espa\u00f1ol)\",\"isPartOf\":{\"@id\":\"https:\\\/\\\/www.carterbloodcare.org\\\/es\\\/#website\"},\"primaryImageOfPage\":{\"@id\":\"https:\\\/\\\/www.carterbloodcare.org\\\/es\\\/quienes-somos\\\/compromiso-de-la-comunidad\\\/#primaryimage\"},\"image\":{\"@id\":\"https:\\\/\\\/www.carterbloodcare.org\\\/es\\\/quienes-somos\\\/compromiso-de-la-comunidad\\\/#primaryimage\"},\"thumbnailUrl\":\"https:\\\/\\\/www.carterbloodcare.org\\\/wp-content\\\/uploads\\\/2025\\\/06\\\/6-Sponsor-Signage-768x1024.jpg\",\"datePublished\":\"2025-07-16T16:19:59+00:00\",\"dateModified\":\"2025-07-16T20:21:43+00:00\",\"breadcrumb\":{\"@id\":\"https:\\\/\\\/www.carterbloodcare.org\\\/es\\\/quienes-somos\\\/compromiso-de-la-comunidad\\\/#breadcrumb\"},\"inLanguage\":\"en-US\",\"potentialAction\":[{\"@type\":\"ReadAction\",\"target\":[\"https:\\\/\\\/www.carterbloodcare.org\\\/es\\\/quienes-somos\\\/compromiso-de-la-comunidad\\\/\"]}]},{\"@type\":\"ImageObject\",\"inLanguage\":\"en-US\",\"@id\":\"https:\\\/\\\/www.carterbloodcare.org\\\/es\\\/quienes-somos\\\/compromiso-de-la-comunidad\\\/#primaryimage\",\"url\":\"https:\\\/\\\/www.carterbloodcare.org\\\/wp-content\\\/uploads\\\/2025\\\/06\\\/6-Sponsor-Signage-768x1024.jpg\",\"contentUrl\":\"https:\\\/\\\/www.carterbloodcare.org\\\/wp-content\\\/uploads\\\/2025\\\/06\\\/6-Sponsor-Signage-768x1024.jpg\"},{\"@type\":\"BreadcrumbList\",\"@id\":\"https:\\\/\\\/www.carterbloodcare.org\\\/es\\\/quienes-somos\\\/compromiso-de-la-comunidad\\\/#breadcrumb\",\"itemListElement\":[{\"@type\":\"ListItem\",\"position\":1,\"name\":\"Inicio\",\"item\":\"https:\\\/\\\/www.carterbloodcare.org\\\/es\\\/\"},{\"@type\":\"ListItem\",\"position\":2,\"name\":\"Quienes somos\",\"item\":\"https:\\\/\\\/www.carterbloodcare.org\\\/es\\\/quienes-somos\\\/\"},{\"@type\":\"ListItem\",\"position\":3,\"name\":\"Comunidad\"}]},{\"@type\":\"WebSite\",\"@id\":\"https:\\\/\\\/www.carterbloodcare.org\\\/es\\\/#website\",\"url\":\"https:\\\/\\\/www.carterbloodcare.org\\\/es\\\/\",\"name\":\"Carter BloodCare (Espa\u00f1ol)\",\"description\":\"Just another Carter BloodCare Sites site\",\"potentialAction\":[{\"@type\":\"SearchAction\",\"target\":{\"@type\":\"EntryPoint\",\"urlTemplate\":\"https:\\\/\\\/www.carterbloodcare.org\\\/es\\\/?s={search_term_string}\"},\"query-input\":{\"@type\":\"PropertyValueSpecification\",\"valueRequired\":true,\"valueName\":\"search_term_string\"}}],\"inLanguage\":\"en-US\"}]}<\/script>\n<!-- \/ Yoast SEO plugin. -->","yoast_head_json":{"title":"Comunidad - Carter BloodCare (Espa\u00f1ol)","robots":{"index":"index","follow":"follow","max-snippet":"max-snippet:-1","max-image-preview":"max-image-preview:large","max-video-preview":"max-video-preview:-1"},"canonical":"https:\/\/www.carterbloodcare.org\/es\/quienes-somos\/compromiso-de-la-comunidad\/","og_locale":"en_US","og_type":"article","og_title":"Comunidad - Carter BloodCare (Espa\u00f1ol)","og_url":"https:\/\/www.carterbloodcare.org\/es\/quienes-somos\/compromiso-de-la-comunidad\/","og_site_name":"Carter BloodCare (Espa\u00f1ol)","article_modified_time":"2025-07-16T20:21:43+00:00","twitter_card":"summary_large_image","twitter_misc":{"Est. reading time":"5 minutes"},"schema":{"@context":"https:\/\/schema.org","@graph":[{"@type":"WebPage","@id":"https:\/\/www.carterbloodcare.org\/es\/quienes-somos\/compromiso-de-la-comunidad\/","url":"https:\/\/www.carterbloodcare.org\/es\/quienes-somos\/compromiso-de-la-comunidad\/","name":"Comunidad - Carter BloodCare (Espa\u00f1ol)","isPartOf":{"@id":"https:\/\/www.carterbloodcare.org\/es\/#website"},"primaryImageOfPage":{"@id":"https:\/\/www.carterbloodcare.org\/es\/quienes-somos\/compromiso-de-la-comunidad\/#primaryimage"},"image":{"@id":"https:\/\/www.carterbloodcare.org\/es\/quienes-somos\/compromiso-de-la-comunidad\/#primaryimage"},"thumbnailUrl":"https:\/\/www.carterbloodcare.org\/wp-content\/uploads\/2025\/06\/6-Sponsor-Signage-768x1024.jpg","datePublished":"2025-07-16T16:19:59+00:00","dateModified":"2025-07-16T20:21:43+00:00","breadcrumb":{"@id":"https:\/\/www.carterbloodcare.org\/es\/quienes-somos\/compromiso-de-la-comunidad\/#breadcrumb"},"inLanguage":"en-US","potentialAction":[{"@type":"ReadAction","target":["https:\/\/www.carterbloodcare.org\/es\/quienes-somos\/compromiso-de-la-comunidad\/"]}]},{"@type":"ImageObject","inLanguage":"en-US","@id":"https:\/\/www.carterbloodcare.org\/es\/quienes-somos\/compromiso-de-la-comunidad\/#primaryimage","url":"https:\/\/www.carterbloodcare.org\/wp-content\/uploads\/2025\/06\/6-Sponsor-Signage-768x1024.jpg","contentUrl":"https:\/\/www.carterbloodcare.org\/wp-content\/uploads\/2025\/06\/6-Sponsor-Signage-768x1024.jpg"},{"@type":"BreadcrumbList","@id":"https:\/\/www.carterbloodcare.org\/es\/quienes-somos\/compromiso-de-la-comunidad\/#breadcrumb","itemListElement":[{"@type":"ListItem","position":1,"name":"Inicio","item":"https:\/\/www.carterbloodcare.org\/es\/"},{"@type":"ListItem","position":2,"name":"Quienes somos","item":"https:\/\/www.carterbloodcare.org\/es\/quienes-somos\/"},{"@type":"ListItem","position":3,"name":"Comunidad"}]},{"@type":"WebSite","@id":"https:\/\/www.carterbloodcare.org\/es\/#website","url":"https:\/\/www.carterbloodcare.org\/es\/","name":"Carter BloodCare (Espa\u00f1ol)","description":"Just another Carter BloodCare Sites site","potentialAction":[{"@type":"SearchAction","target":{"@type":"EntryPoint","urlTemplate":"https:\/\/www.carterbloodcare.org\/es\/?s={search_term_string}"},"query-input":{"@type":"PropertyValueSpecification","valueRequired":true,"valueName":"search_term_string"}}],"inLanguage":"en-US"}]}},"_links":{"self":[{"href":"https:\/\/www.carterbloodcare.org\/es\/wp-json\/wp\/v2\/pages\/7487","targetHints":{"allow":["GET"]}}],"collection":[{"href":"https:\/\/www.carterbloodcare.org\/es\/wp-json\/wp\/v2\/pages"}],"about":[{"href":"https:\/\/www.carterbloodcare.org\/es\/wp-json\/wp\/v2\/types\/page"}],"author":[{"embeddable":true,"href":"https:\/\/www.carterbloodcare.org\/es\/wp-json\/wp\/v2\/users\/20"}],"replies":[{"embeddable":true,"href":"https:\/\/www.carterbloodcare.org\/es\/wp-json\/wp\/v2\/comments?post=7487"}],"version-history":[{"count":0,"href":"https:\/\/www.carterbloodcare.org\/es\/wp-json\/wp\/v2\/pages\/7487\/revisions"}],"up":[{"embeddable":true,"href":"https:\/\/www.carterbloodcare.org\/es\/wp-json\/wp\/v2\/pages\/2006"}],"wp:attachment":[{"href":"https:\/\/www.carterbloodcare.org\/es\/wp-json\/wp\/v2\/media?parent=7487"}],"curies":[{"name":"wp","href":"https:\/\/api.w.org\/{rel}","templated":true}]}}