{"id":2334,"date":"2021-11-29T21:09:26","date_gmt":"2021-11-30T03:09:26","guid":{"rendered":"https:\/\/www.carterbloodcare.org\/?page_id=2334"},"modified":"2023-01-16T22:38:37","modified_gmt":"2023-01-16T22:38:37","slug":"patrocinadores","status":"publish","type":"page","link":"https:\/\/www.carterbloodcare.org\/es\/sea-parte\/patrocinadores\/","title":{"rendered":"Patrocinadores"},"content":{"rendered":"\n                    <div id=\"smallheadlines-block_bd0d65dd3c9e96d95657536cf042236d\" class=\"smallheadlines\">\n            <div class=\"grid-container header-margins\">\n                <div class=\"grid-x grid-full-content\">\n                    <div class=\"cell large-12 medium-12 small-12\">\n                                                <div class=\"title\"><h1>Patrocinadores<\/h1><\/div>\n                                            <\/div>\n                <\/div>\n            <\/div>\n        <\/div>\n\n                <style text=\"text\/css\">\n            #smallheadlines-block_bd0d65dd3c9e96d95657536cf042236d{\n                                background-image: url('https:\/\/www.carterbloodcare.org\/es\/wp-content\/uploads\/sites\/10\/2021\/11\/giveforlife.png');\n            }\n                    <\/style>\n            \n\n    \n                    \n            \n            <div id=\"imagecontent-block_d7d826a1951ff6a5dbe91595c5a43cfa\" class=\"imagecontent\" style=\"\">\n                <div class=\"grid-container margins\">\n                    <div class=\"grid-x grid-margin-x grid-image-content\">\n                        <div class=\"cell large-6 medium-12 small-12 right text-column\">\n                            \n                                \n\n                            \n                                                                <div class=\"sub-title sub-heading\">PATROCINADORES<\/div>\n                                \n                                                                <div class=\"title h3\">Colabora con nosotros para salvar vidas en nuestra comunidad.<\/div>\n                                \n\n                                                                <div class=\"description body-one\"><p>Al apoyar la misi\u00f3n de salvar vidas de Carter BloodCare, Usted ayuda directamente a las personas de nuestra comunidad. Necesitamos su apoyo porque ellos dependen de nosotros.<\/p>\n<p>Si Usted est\u00e1 interesado en obtener m\u00e1s informaci\u00f3n sobre patrocinios, env\u00ede un correo electr\u00f3nico a <a href=\"mailto:marketing@carterbloodcare.org\">marketing@carterbloodcare.org<\/a>.<\/p>\n<p>Las oportunidades de patrocinio incluyen:<\/p>\n<ul>\n<li>Voz de la comunidad<\/li>\n<li>Regalos de agradecimiento a los donantes<\/li>\n<li>Organizar un gran evento<\/li>\n<li>Patrocinio de eventos<\/li>\n<\/ul>\n<\/div>\n                                \n                                \n                                                    <\/div>\n                                                <div class=\"cell large-6 medium-12 small-12 left image-column\" style=\"text-align: center;\">\n                                                                                        <img decoding=\"async\" src=\"https:\/\/www.carterbloodcare.org\/es\/wp-content\/uploads\/sites\/10\/2021\/12\/DSCF7919-scaled-1.jpg\" alt=\"\" class=\"imagecontent-image\" \/>\n                                                                                                            <\/div>\n                    <\/div>\n                <\/div>\n            <\/div>\n                        <style text=\"text\/css\">\n                         #imagecontent-block_d7d826a1951ff6a5dbe91595c5a43cfa{\n                                padding-top: 100px;\n                                                padding-bottom: 100px;\n                            }\n                                    @media screen and (max-width: 1023px){\n                                #imagecontent-block_d7d826a1951ff6a5dbe91595c5a43cfa{\n                                            padding-top: 50px;\n                                                                padding-bottom: 50px;\n                                    }\n                                #imagecontent-block_d7d826a1951ff6a5dbe91595c5a43cfa.protrude {\n                    padding-bottom: 50px;\n                }\n            }\n                    <\/style>\n            \n\n                    <div id=\"wysiwyg-block_ff6d84844d3eb9d37a1fb78e18bf07ce\" class=\"wysiwyg\">\n            <div class=\"grid-container\">\n                <div class=\"grid-x grid-full-content\">\n                    <div class=\"cell large-12 medium-12 small-12\">\n                                                <h3 style=\"text-align: center\">Nuestros Socios<\/h3>\n                                            <\/div>\n                <\/div>\n            <\/div>\n        <\/div>\n                <style text=\"text\/css\">\n            #wysiwyg-block_ff6d84844d3eb9d37a1fb78e18bf07ce{\n                                                padding-bottom: 100px;\n                            }\n                        @media screen and (max-width: 1023px){\n                #wysiwyg-block_ff6d84844d3eb9d37a1fb78e18bf07ce{\n                                                                padding-bottom: 50px;\n                                    }\n            }\n                    <\/style>\n            \n\n\n                    <div id=\"logos-block_374f53bec5d1b1bef033d12170f311aa\" class=\"logos\" style=\"background: #F8F8F8;\">\n            <div class=\"grid-container margins\">\n                <div class=\"grid-x grid-full-content\">\n                    <div class=\"cell large-12 medium-12 small-12\">\n                                                <div class=\"title\"><h3 class=\"sub-heading\">CAMPEON<\/h3><\/div>\n                                            <\/div>\n                                        <div class=\"cell large-12 medium-12 small-12\">\n                        <div class=\"grid-x grid-margin-x logo-grid\">\n                                                    <div class=\"cell large-2-4 medium-4 small-12 left image-logo\">\n                                                                                                        <img decoding=\"async\" src=\"https:\/\/www.carterbloodcare.org\/es\/wp-content\/uploads\/sites\/10\/2021\/12\/RotaryMoE_RGB-1-e1639366774500.png\" alt=\"Rotary\" \/>\n                                                            <\/div>\n                                                    <div class=\"cell large-2-4 medium-4 small-12 left image-logo\">\n                                                                                                        <img decoding=\"async\" src=\"https:\/\/www.carterbloodcare.org\/es\/wp-content\/uploads\/sites\/10\/2021\/12\/Masons-2-e1640037779973.png\" alt=\"Masons\" \/>\n                                                            <\/div>\n                                                <\/div>\n                    <\/div>\n                                    <\/div>\n            <\/div>\n        <\/div>\n                <style text=\"text\/css\">\n                         #logos-block_374f53bec5d1b1bef033d12170f311aa{\n                                padding-top: 100px;\n                                            }\n                                    @media screen and (max-width: 1023px){\n                                #logos-block_374f53bec5d1b1bef033d12170f311aa{\n                                            padding-top: 50px;\n                                                        }\n                            }\n                    <\/style>\n            \n\n\n                    <div id=\"logos-block_7825b60d52da6b4ac7ee082c28564019\" class=\"logos\">\n            <div class=\"grid-container margins\">\n                <div class=\"grid-x grid-full-content\">\n                    <div class=\"cell large-12 medium-12 small-12\">\n                                                <div class=\"title\"><h3 class=\"sub-heading\">DEFENSOR<\/h3><\/div>\n                                            <\/div>\n                                        <div class=\"cell large-12 medium-12 small-12\">\n                        <div class=\"grid-x grid-margin-x logo-grid\">\n                                                    <div class=\"cell large-2-4 medium-4 small-12 left image-logo\">\n                                                                                                        <img decoding=\"async\" src=\"https:\/\/www.carterbloodcare.org\/es\/wp-content\/uploads\/sites\/10\/2021\/12\/KZPS-e1639367000958.png\" alt=\"KZPS\" \/>\n                                                            <\/div>\n                                                <\/div>\n                    <\/div>\n                                    <\/div>\n            <\/div>\n        <\/div>\n                <style text=\"text\/css\">\n                         #logos-block_7825b60d52da6b4ac7ee082c28564019{\n                                padding-top: 50px;\n                                            }\n                                <\/style>\n            \n\n\n                    <div id=\"logos-block_15b623837527eedd4966523bf4efe32a\" class=\"logos\">\n            <div class=\"grid-container margins\">\n                <div class=\"grid-x grid-full-content\">\n                    <div class=\"cell large-12 medium-12 small-12\">\n                                                <div class=\"title\"><h3 class=\"sub-heading\">EMBAJADOR<\/h3><\/div>\n                                            <\/div>\n                                        <div class=\"cell large-12 medium-12 small-12\">\n                        <div class=\"grid-x grid-margin-x logo-grid\">\n                                                    <div class=\"cell large-2-4 medium-4 small-12 left image-logo\">\n                                                                                                        <img decoding=\"async\" src=\"https:\/\/www.carterbloodcare.org\/es\/wp-content\/uploads\/sites\/10\/2021\/12\/billyBobsTexas_officialLogo_2015-e1639490416481.png\" alt=\"Billy Bob's\" \/>\n                                                            <\/div>\n                                                    <div class=\"cell large-2-4 medium-4 small-12 left image-logo\">\n                                                                                                        <img decoding=\"async\" src=\"https:\/\/www.carterbloodcare.org\/es\/wp-content\/uploads\/sites\/10\/2021\/12\/CFA-e1639491473747.png\" alt=\"Chick-fil-A\" \/>\n                                                            <\/div>\n                                                    <div class=\"cell large-2-4 medium-4 small-12 left image-logo\">\n                                                                                                        <img decoding=\"async\" src=\"https:\/\/www.carterbloodcare.org\/es\/wp-content\/uploads\/sites\/10\/2021\/12\/HEB-e1639367114788.png\" alt=\"\" \/>\n                                                            <\/div>\n                                                    <div class=\"cell large-2-4 medium-4 small-12 left image-logo\">\n                                                                                                        <img decoding=\"async\" src=\"https:\/\/www.carterbloodcare.org\/es\/wp-content\/uploads\/sites\/10\/2023\/01\/CPC-Logo_orange-white-BG-circle-Large-e1673908602292.webp\" alt=\"\" \/>\n                                                            <\/div>\n                                                    <div class=\"cell large-2-4 medium-4 small-12 left image-logo\">\n                                                                                                        <img decoding=\"async\" src=\"https:\/\/www.carterbloodcare.org\/es\/wp-content\/uploads\/sites\/10\/2023\/01\/IHOP-logo_2-color-spot-01-scaled-1-e1673908623184.jpg\" alt=\"\" \/>\n                                                            <\/div>\n                                                <\/div>\n                    <\/div>\n                                    <\/div>\n            <\/div>\n        <\/div>\n                <style text=\"text\/css\">\n                         #logos-block_15b623837527eedd4966523bf4efe32a{\n                                padding-top: 100px;\n                                            }\n                                    @media screen and (max-width: 1023px){\n                                #logos-block_15b623837527eedd4966523bf4efe32a{\n                                            padding-top: 50px;\n                                                        }\n                            }\n                    <\/style>\n            \n\n\n                    <div id=\"logos-block_e54653d0c88a5316c01e6d1b220fd2ce\" class=\"logos\">\n            <div class=\"grid-container margins\">\n                <div class=\"grid-x grid-full-content\">\n                    <div class=\"cell large-12 medium-12 small-12\">\n                                                <div class=\"title\"><h3 class=\"sub-heading\">SOCIOS DE BLOOD EMERGENCY READINESS CORPS (BERC)<\/h3><\/div>\n                                            <\/div>\n                                        <div class=\"cell large-12 medium-12 small-12\">\n                        <div class=\"grid-x grid-margin-x logo-grid\">\n                                                    <div class=\"cell large-2-4 medium-4 small-12 left image-logo\">\n                                                                                                        <img decoding=\"async\" src=\"https:\/\/www.carterbloodcare.org\/es\/wp-content\/uploads\/sites\/10\/2021\/12\/BERC-Black-Words-Horizontal-e1639366037420.png\" alt=\"\" \/>\n                                                            <\/div>\n                                                <\/div>\n                    <\/div>\n                                    <\/div>\n            <\/div>\n        <\/div>\n                <style text=\"text\/css\">\n                         #logos-block_e54653d0c88a5316c01e6d1b220fd2ce{\n                                padding-top: 100px;\n                                            }\n                                    @media screen and (max-width: 1023px){\n                                #logos-block_e54653d0c88a5316c01e6d1b220fd2ce{\n                                            padding-top: 50px;\n                                                        }\n                            }\n                    <\/style>\n            \n\n\n                            \n        \n        <div id=\"column-block_4f927716d33f648cbeadec5016744b50\" class=\"columns three\">\n            <div class=\"grid-container margins\">\n                <div class=\"grid-x grid-full-content grid-margin-x\">\n\n                    \n                                                                    \n                            <div class=\"cell large-4 medium-12 small-12\">\n                                <div class=\"cell-interior\">\n                                                                                                                                                                                    <div class=\"description body-three\"><p>American Legion Post 12, Tyler<br \/>\nAscension Providence<br \/>\nAvery Masonic Lodge #921<br \/>\nBaylor Scott &amp; White, Lake Pointe<br \/>\nBaylor Scott &amp; White, Sunnyvale<br \/>\nBig Sandy Lion&#8217;s Club<br \/>\nCalabrese Southlake<br \/>\nCHRISTUS Mother Frances Hospital, Tyler<br \/>\nCity of Cedar Hill<br \/>\nCity of Fate<br \/>\nCity of Wylie<br \/>\nCrandall Church of Christ<br \/>\nDecatur Rotary<br \/>\nEastridge Church Of Christ<br \/>\nEnnis Regional Medical Center<br \/>\nEnnis State Bank<br \/>\nETA Omega<br \/>\nEureka Masonic Lodge<br \/>\nFirewheel Town Center<br \/>\nG.W.A.H.C.A &#8211; WISD<br \/>\nGainesville Fire Rescue<br \/>\nGilmer Community Blood Drive<br \/>\nGlen Rose High School<br \/>\nGordon High School<br \/>\nGrace Community Church<br \/>\nHamilton Healthcare System<br \/>\nHighland Park DPS<br \/>\nHolly Lake Fire<\/p>\n<\/div>\n                                    \n                                                                    <\/div>\n                            <\/div>\n                                                \n                            <div class=\"cell large-4 medium-12 small-12\">\n                                <div class=\"cell-interior\">\n                                                                                                                                                                                    <div class=\"description body-three\"><p>HOPE &#8211; UNT<br \/>\nHOT Council of Governments &amp; HOT Healthcare Coalition<br \/>\nHughes Springs High School<br \/>\nInternational Alert Academy<br \/>\nJER Chilton YMCA at Rockwall<br \/>\nJS Helwig &amp; Son, LLC<br \/>\nKennedale High School<br \/>\nLincoln Centre Management<br \/>\nLongview Regional Medical Center<br \/>\nMethodist Charlton Medical Center<br \/>\nMethodist Dallas Medical Center<br \/>\nMethodist Richardson Medical Center<br \/>\nMillsap High School<br \/>\nMt. Vernon Fire Department<br \/>\nNokia<br \/>\nNorris Cylinder<br \/>\nOlney Hamilton Hospital<br \/>\nPanera Bread &#8211; Arlington<br \/>\nPanera Bread &#8211; Ft. Worth<br \/>\nPanera Bread &#8211; McKinney North<br \/>\nPanera Bread &#8211; McKinney South<br \/>\nPanera Bread &#8211; The Colony<br \/>\nPanera Bread &#8211; Euless<br \/>\nPilot Knob Rotary Club<br \/>\nPPG Architectural Coatings<br \/>\nRegion 7 ESC, Kilgore<br \/>\nS&amp;B Engineers and Constructors, Ltd<br \/>\nSaturn Road Church Of Christ<\/p>\n<\/div>\n                                    \n                                                                    <\/div>\n                            <\/div>\n                                                \n                            <div class=\"cell large-4 medium-12 small-12\">\n                                <div class=\"cell-interior\">\n                                                                                                                                                                                    <div class=\"description body-three\"><p>Schulman&#8217;s Movie Bowl Grille<br \/>\nSharon Shrine Jeep Patrol<br \/>\nSpaceX<br \/>\nSt. Elizabeth of Hungary Catholic Church, Oak Cliff<br \/>\nSt. John the Apostle Catholic Church<br \/>\nTexas Department of Transportation, Waco<br \/>\nTexas Health Hospital, Mansfield<br \/>\nTexas Health Presbyterian Hospital Rockwall<br \/>\nThe Church of Jesus Christ of Latter-day Saints<br \/>\nThe Gun Range<br \/>\nThe Mark on Conquest<br \/>\nThe Shops at Terrell<br \/>\nTravis Ranch<br \/>\nTrimble Tech High School, Fort Worth<br \/>\nUnion Valley Volunteer Fire Department<br \/>\nUniversity High School<br \/>\nUniversity of North Texas<br \/>\nUNT Rotaract<br \/>\nUSI Insurance Services<br \/>\nUT Health Tyler<br \/>\nViridian Residential Association<br \/>\nWalmart Mexia<br \/>\nWaxahachie Global High School<br \/>\nWeatherford High School<br \/>\nWinfree Academy, Richardson<br \/>\nWise Health System<\/p>\n<\/div>\n                                    \n                                                                    <\/div>\n                            <\/div>\n                                                            <\/div>\n            <\/div>\n        <\/div>\n                <style text=\"text\/css\">\n            #column-block_4f927716d33f648cbeadec5016744b50{\n                                                padding-bottom: 30px;\n                            }\n                    <\/style>\n            \n\n\n<h5 class=\"has-text-align-center wp-block-heading\"> Lea m\u00e1s sobre BERC <a href=\"https:\/\/www.carterbloodcare.org\/blog\/2021\/09\/blood-emergency-readiness-corps\/\" class=\"popup-english\">aqu\u00ed<\/a>.<\/h5>\n\n\n\n<div style=\"height:33px\" aria-hidden=\"true\" class=\"wp-block-spacer\"><\/div>\n\n\n\n<div class=\"wp-block-columns is-layout-flex wp-container-core-columns-is-layout-9d6595d7 wp-block-columns-is-layout-flex\">\n<div class=\"wp-block-column is-layout-flow wp-block-column-is-layout-flow\" style=\"flex-basis:100%\"><\/div>\n<\/div>\n\n\n\n<p class=\"has-text-align-center\"><\/p>\n","protected":false},"excerpt":{"rendered":"<p>Lea m\u00e1s sobre BERC aqu\u00ed.<\/p>\n","protected":false},"author":10,"featured_media":0,"parent":1482,"menu_order":0,"comment_status":"closed","ping_status":"closed","template":"","meta":{"_acf_changed":false,"footnotes":""},"class_list":["post-2334","page","type-page","status-publish","hentry"],"acf":[],"yoast_head":"<!-- This site is optimized with the Yoast SEO plugin v27.5 - https:\/\/yoast.com\/product\/yoast-seo-wordpress\/ -->\n<title>Socios | Carter BloodCare<\/title>\n<meta name=\"description\" content=\"Meet the corporate partners that help make Carter BloodCare&#039;s mission come to life.\" \/>\n<meta name=\"robots\" content=\"index, follow, max-snippet:-1, max-image-preview:large, max-video-preview:-1\" \/>\n<link rel=\"canonical\" href=\"https:\/\/www.carterbloodcare.org\/es\/sea-parte\/patrocinadores\/\" \/>\n<meta property=\"og:locale\" content=\"en_US\" \/>\n<meta property=\"og:type\" content=\"article\" \/>\n<meta property=\"og:title\" content=\"Socios | Carter BloodCare\" \/>\n<meta property=\"og:description\" content=\"Meet the corporate partners that help make Carter BloodCare&#039;s mission come to life.\" \/>\n<meta property=\"og:url\" content=\"https:\/\/www.carterbloodcare.org\/es\/sea-parte\/patrocinadores\/\" \/>\n<meta property=\"og:site_name\" content=\"Carter BloodCare (Espa\u00f1ol)\" \/>\n<meta property=\"article:modified_time\" content=\"2023-01-16T22:38:37+00:00\" \/>\n<meta name=\"twitter:card\" content=\"summary_large_image\" \/>\n<meta name=\"twitter:label1\" content=\"Est. reading time\" \/>\n\t<meta name=\"twitter:data1\" content=\"1 minute\" \/>\n<script type=\"application\/ld+json\" class=\"yoast-schema-graph\">{\"@context\":\"https:\\\/\\\/schema.org\",\"@graph\":[{\"@type\":\"WebPage\",\"@id\":\"https:\\\/\\\/www.carterbloodcare.org\\\/es\\\/sea-parte\\\/patrocinadores\\\/\",\"url\":\"https:\\\/\\\/www.carterbloodcare.org\\\/es\\\/sea-parte\\\/patrocinadores\\\/\",\"name\":\"Socios | Carter BloodCare\",\"isPartOf\":{\"@id\":\"https:\\\/\\\/www.carterbloodcare.org\\\/es\\\/#website\"},\"datePublished\":\"2021-11-30T03:09:26+00:00\",\"dateModified\":\"2023-01-16T22:38:37+00:00\",\"description\":\"Meet the corporate partners that help make Carter BloodCare's mission come to life.\",\"breadcrumb\":{\"@id\":\"https:\\\/\\\/www.carterbloodcare.org\\\/es\\\/sea-parte\\\/patrocinadores\\\/#breadcrumb\"},\"inLanguage\":\"en-US\",\"potentialAction\":[{\"@type\":\"ReadAction\",\"target\":[\"https:\\\/\\\/www.carterbloodcare.org\\\/es\\\/sea-parte\\\/patrocinadores\\\/\"]}]},{\"@type\":\"BreadcrumbList\",\"@id\":\"https:\\\/\\\/www.carterbloodcare.org\\\/es\\\/sea-parte\\\/patrocinadores\\\/#breadcrumb\",\"itemListElement\":[{\"@type\":\"ListItem\",\"position\":1,\"name\":\"Inicio\",\"item\":\"https:\\\/\\\/www.carterbloodcare.org\\\/es\\\/\"},{\"@type\":\"ListItem\",\"position\":2,\"name\":\"Sea Parte\",\"item\":\"https:\\\/\\\/www.carterbloodcare.org\\\/es\\\/sea-parte\\\/\"},{\"@type\":\"ListItem\",\"position\":3,\"name\":\"Patrocinadores\"}]},{\"@type\":\"WebSite\",\"@id\":\"https:\\\/\\\/www.carterbloodcare.org\\\/es\\\/#website\",\"url\":\"https:\\\/\\\/www.carterbloodcare.org\\\/es\\\/\",\"name\":\"Carter BloodCare (Espa\u00f1ol)\",\"description\":\"Just another Carter BloodCare Sites site\",\"potentialAction\":[{\"@type\":\"SearchAction\",\"target\":{\"@type\":\"EntryPoint\",\"urlTemplate\":\"https:\\\/\\\/www.carterbloodcare.org\\\/es\\\/?s={search_term_string}\"},\"query-input\":{\"@type\":\"PropertyValueSpecification\",\"valueRequired\":true,\"valueName\":\"search_term_string\"}}],\"inLanguage\":\"en-US\"}]}<\/script>\n<!-- \/ Yoast SEO plugin. -->","yoast_head_json":{"title":"Socios | Carter BloodCare","description":"Meet the corporate partners that help make Carter BloodCare's mission come to life.","robots":{"index":"index","follow":"follow","max-snippet":"max-snippet:-1","max-image-preview":"max-image-preview:large","max-video-preview":"max-video-preview:-1"},"canonical":"https:\/\/www.carterbloodcare.org\/es\/sea-parte\/patrocinadores\/","og_locale":"en_US","og_type":"article","og_title":"Socios | Carter BloodCare","og_description":"Meet the corporate partners that help make Carter BloodCare's mission come to life.","og_url":"https:\/\/www.carterbloodcare.org\/es\/sea-parte\/patrocinadores\/","og_site_name":"Carter BloodCare (Espa\u00f1ol)","article_modified_time":"2023-01-16T22:38:37+00:00","twitter_card":"summary_large_image","twitter_misc":{"Est. reading time":"1 minute"},"schema":{"@context":"https:\/\/schema.org","@graph":[{"@type":"WebPage","@id":"https:\/\/www.carterbloodcare.org\/es\/sea-parte\/patrocinadores\/","url":"https:\/\/www.carterbloodcare.org\/es\/sea-parte\/patrocinadores\/","name":"Socios | Carter BloodCare","isPartOf":{"@id":"https:\/\/www.carterbloodcare.org\/es\/#website"},"datePublished":"2021-11-30T03:09:26+00:00","dateModified":"2023-01-16T22:38:37+00:00","description":"Meet the corporate partners that help make Carter BloodCare's mission come to life.","breadcrumb":{"@id":"https:\/\/www.carterbloodcare.org\/es\/sea-parte\/patrocinadores\/#breadcrumb"},"inLanguage":"en-US","potentialAction":[{"@type":"ReadAction","target":["https:\/\/www.carterbloodcare.org\/es\/sea-parte\/patrocinadores\/"]}]},{"@type":"BreadcrumbList","@id":"https:\/\/www.carterbloodcare.org\/es\/sea-parte\/patrocinadores\/#breadcrumb","itemListElement":[{"@type":"ListItem","position":1,"name":"Inicio","item":"https:\/\/www.carterbloodcare.org\/es\/"},{"@type":"ListItem","position":2,"name":"Sea Parte","item":"https:\/\/www.carterbloodcare.org\/es\/sea-parte\/"},{"@type":"ListItem","position":3,"name":"Patrocinadores"}]},{"@type":"WebSite","@id":"https:\/\/www.carterbloodcare.org\/es\/#website","url":"https:\/\/www.carterbloodcare.org\/es\/","name":"Carter BloodCare (Espa\u00f1ol)","description":"Just another Carter BloodCare Sites site","potentialAction":[{"@type":"SearchAction","target":{"@type":"EntryPoint","urlTemplate":"https:\/\/www.carterbloodcare.org\/es\/?s={search_term_string}"},"query-input":{"@type":"PropertyValueSpecification","valueRequired":true,"valueName":"search_term_string"}}],"inLanguage":"en-US"}]}},"_links":{"self":[{"href":"https:\/\/www.carterbloodcare.org\/es\/wp-json\/wp\/v2\/pages\/2334","targetHints":{"allow":["GET"]}}],"collection":[{"href":"https:\/\/www.carterbloodcare.org\/es\/wp-json\/wp\/v2\/pages"}],"about":[{"href":"https:\/\/www.carterbloodcare.org\/es\/wp-json\/wp\/v2\/types\/page"}],"author":[{"embeddable":true,"href":"https:\/\/www.carterbloodcare.org\/es\/wp-json\/wp\/v2\/users\/10"}],"replies":[{"embeddable":true,"href":"https:\/\/www.carterbloodcare.org\/es\/wp-json\/wp\/v2\/comments?post=2334"}],"version-history":[{"count":0,"href":"https:\/\/www.carterbloodcare.org\/es\/wp-json\/wp\/v2\/pages\/2334\/revisions"}],"up":[{"embeddable":true,"href":"https:\/\/www.carterbloodcare.org\/es\/wp-json\/wp\/v2\/pages\/1482"}],"wp:attachment":[{"href":"https:\/\/www.carterbloodcare.org\/es\/wp-json\/wp\/v2\/media?parent=2334"}],"curies":[{"name":"wp","href":"https:\/\/api.w.org\/{rel}","templated":true}]}}