{"id":2247,"date":"2021-11-29T16:24:12","date_gmt":"2021-11-29T22:24:12","guid":{"rendered":"https:\/\/www.carterbloodcare.org\/?page_id=2247"},"modified":"2022-12-08T14:23:41","modified_gmt":"2022-12-08T14:23:41","slug":"acomodacion-razonable","status":"publish","type":"page","link":"https:\/\/www.carterbloodcare.org\/es\/legal\/acomodacion-razonable\/","title":{"rendered":"Acomodaci\u00f3n razonable"},"content":{"rendered":"                    <div id=\"wysiwyg-block_61a553703e3e8\" class=\"wysiwyg\">\n            <div class=\"grid-container\">\n                <div class=\"grid-x grid-full-content\">\n                    <div class=\"cell large-12 medium-12 small-12\">\n                                                <h2>Carter BloodCare se compromete a cumplir con todas las disposiciones aplicables de la Ley de Estadounidenses con Discapacidades (ADA), la Ley de Enmiendas de la ADA (ADAAA) y otras leyes aplicables relacionadas con la discapacidad.<\/h2>\n<p>Es pol\u00edtica de Carter BloodCare no discriminar a ning\u00fan solicitante calificado con respecto a los t\u00e9rminos o condiciones de empleo debido a la discapacidad o discapacidad percibida de una persona, siempre que el solicitante pueda realizar las funciones esenciales del trabajo.<\/p>\n<p>Carter BloodCare proporcionar\u00e1 adaptaciones razonables a las personas calificadas con una discapacidad, seg\u00fan lo define la ADAAA u otra ley aplicable, que haya informado a Carter BloodCare de su discapacidad y haya solicitado la adaptaci\u00f3n, haya proporcionado la informaci\u00f3n y la documentaci\u00f3n necesarias y haya cooperado adecuadamente en un proceso interactivo informal con Carter BloodCare, siempre que dicha adaptaci\u00f3n no constituya una dificultad excesiva para Carter BloodCare.<\/p>\n<p>Si necesita acomodaci\u00f3n razonable, comun\u00edquese con el Departamento de Recursos Humanos al 817-412-5000 o <a href=\"mailto:dramosgarcia@carterbloodcare.org\">dramosgarcia@carterbloodcare.org<\/a>.<\/p>\n                                            <\/div>\n                <\/div>\n            <\/div>\n        <\/div>\n                <style text=\"text\/css\">\n            #wysiwyg-block_61a553703e3e8{\n                                padding-top: 45px;\n                                                padding-bottom: 100px;\n                            }\n                        @media screen and (max-width: 1023px){\n                #wysiwyg-block_61a553703e3e8{\n                                                                padding-bottom: 50px;\n                                    }\n            }\n                    <\/style>\n            ","protected":false},"excerpt":{"rendered":"","protected":false},"author":10,"featured_media":0,"parent":2239,"menu_order":0,"comment_status":"closed","ping_status":"closed","template":"legal.php","meta":{"_acf_changed":false,"footnotes":""},"class_list":["post-2247","page","type-page","status-publish","hentry"],"acf":[],"yoast_head":"<!-- This site is optimized with the Yoast SEO plugin v27.4 - https:\/\/yoast.com\/product\/yoast-seo-wordpress\/ -->\n<title>Ajustes razonables | Carter BloodCare<\/title>\n<meta name=\"description\" content=\"Carter BloodCare will provide reasonable accommodation to qualified individuals with a disability, as defined by the ADAAA or other applicable laws.\" \/>\n<meta name=\"robots\" content=\"index, follow, max-snippet:-1, max-image-preview:large, max-video-preview:-1\" \/>\n<link rel=\"canonical\" href=\"https:\/\/www.carterbloodcare.org\/es\/legal\/acomodacion-razonable\/\" \/>\n<meta property=\"og:locale\" content=\"en_US\" \/>\n<meta property=\"og:type\" content=\"article\" \/>\n<meta property=\"og:title\" content=\"Ajustes razonables | Carter BloodCare\" \/>\n<meta property=\"og:description\" content=\"Carter BloodCare will provide reasonable accommodation to qualified individuals with a disability, as defined by the ADAAA or other applicable laws.\" \/>\n<meta property=\"og:url\" content=\"https:\/\/www.carterbloodcare.org\/es\/legal\/acomodacion-razonable\/\" \/>\n<meta property=\"og:site_name\" content=\"Carter BloodCare (Espa\u00f1ol)\" \/>\n<meta property=\"article:modified_time\" content=\"2022-12-08T14:23:41+00:00\" \/>\n<meta name=\"twitter:card\" content=\"summary_large_image\" \/>\n<script type=\"application\/ld+json\" class=\"yoast-schema-graph\">{\"@context\":\"https:\\\/\\\/schema.org\",\"@graph\":[{\"@type\":\"WebPage\",\"@id\":\"https:\\\/\\\/www.carterbloodcare.org\\\/es\\\/legal\\\/acomodacion-razonable\\\/\",\"url\":\"https:\\\/\\\/www.carterbloodcare.org\\\/es\\\/legal\\\/acomodacion-razonable\\\/\",\"name\":\"Ajustes razonables | Carter BloodCare\",\"isPartOf\":{\"@id\":\"https:\\\/\\\/www.carterbloodcare.org\\\/es\\\/#website\"},\"datePublished\":\"2021-11-29T22:24:12+00:00\",\"dateModified\":\"2022-12-08T14:23:41+00:00\",\"description\":\"Carter BloodCare will provide reasonable accommodation to qualified individuals with a disability, as defined by the ADAAA or other applicable laws.\",\"breadcrumb\":{\"@id\":\"https:\\\/\\\/www.carterbloodcare.org\\\/es\\\/legal\\\/acomodacion-razonable\\\/#breadcrumb\"},\"inLanguage\":\"en-US\",\"potentialAction\":[{\"@type\":\"ReadAction\",\"target\":[\"https:\\\/\\\/www.carterbloodcare.org\\\/es\\\/legal\\\/acomodacion-razonable\\\/\"]}]},{\"@type\":\"BreadcrumbList\",\"@id\":\"https:\\\/\\\/www.carterbloodcare.org\\\/es\\\/legal\\\/acomodacion-razonable\\\/#breadcrumb\",\"itemListElement\":[{\"@type\":\"ListItem\",\"position\":1,\"name\":\"Inicio\",\"item\":\"https:\\\/\\\/www.carterbloodcare.org\\\/es\\\/\"},{\"@type\":\"ListItem\",\"position\":2,\"name\":\"Legal\",\"item\":\"https:\\\/\\\/www.carterbloodcare.org\\\/es\\\/legal\\\/\"},{\"@type\":\"ListItem\",\"position\":3,\"name\":\"Acomodaci\u00f3n razonable\"}]},{\"@type\":\"WebSite\",\"@id\":\"https:\\\/\\\/www.carterbloodcare.org\\\/es\\\/#website\",\"url\":\"https:\\\/\\\/www.carterbloodcare.org\\\/es\\\/\",\"name\":\"Carter BloodCare (Espa\u00f1ol)\",\"description\":\"Just another Carter BloodCare Sites site\",\"potentialAction\":[{\"@type\":\"SearchAction\",\"target\":{\"@type\":\"EntryPoint\",\"urlTemplate\":\"https:\\\/\\\/www.carterbloodcare.org\\\/es\\\/?s={search_term_string}\"},\"query-input\":{\"@type\":\"PropertyValueSpecification\",\"valueRequired\":true,\"valueName\":\"search_term_string\"}}],\"inLanguage\":\"en-US\"}]}<\/script>\n<!-- \/ Yoast SEO plugin. -->","yoast_head_json":{"title":"Ajustes razonables | Carter BloodCare","description":"Carter BloodCare will provide reasonable accommodation to qualified individuals with a disability, as defined by the ADAAA or other applicable laws.","robots":{"index":"index","follow":"follow","max-snippet":"max-snippet:-1","max-image-preview":"max-image-preview:large","max-video-preview":"max-video-preview:-1"},"canonical":"https:\/\/www.carterbloodcare.org\/es\/legal\/acomodacion-razonable\/","og_locale":"en_US","og_type":"article","og_title":"Ajustes razonables | Carter BloodCare","og_description":"Carter BloodCare will provide reasonable accommodation to qualified individuals with a disability, as defined by the ADAAA or other applicable laws.","og_url":"https:\/\/www.carterbloodcare.org\/es\/legal\/acomodacion-razonable\/","og_site_name":"Carter BloodCare (Espa\u00f1ol)","article_modified_time":"2022-12-08T14:23:41+00:00","twitter_card":"summary_large_image","schema":{"@context":"https:\/\/schema.org","@graph":[{"@type":"WebPage","@id":"https:\/\/www.carterbloodcare.org\/es\/legal\/acomodacion-razonable\/","url":"https:\/\/www.carterbloodcare.org\/es\/legal\/acomodacion-razonable\/","name":"Ajustes razonables | Carter BloodCare","isPartOf":{"@id":"https:\/\/www.carterbloodcare.org\/es\/#website"},"datePublished":"2021-11-29T22:24:12+00:00","dateModified":"2022-12-08T14:23:41+00:00","description":"Carter BloodCare will provide reasonable accommodation to qualified individuals with a disability, as defined by the ADAAA or other applicable laws.","breadcrumb":{"@id":"https:\/\/www.carterbloodcare.org\/es\/legal\/acomodacion-razonable\/#breadcrumb"},"inLanguage":"en-US","potentialAction":[{"@type":"ReadAction","target":["https:\/\/www.carterbloodcare.org\/es\/legal\/acomodacion-razonable\/"]}]},{"@type":"BreadcrumbList","@id":"https:\/\/www.carterbloodcare.org\/es\/legal\/acomodacion-razonable\/#breadcrumb","itemListElement":[{"@type":"ListItem","position":1,"name":"Inicio","item":"https:\/\/www.carterbloodcare.org\/es\/"},{"@type":"ListItem","position":2,"name":"Legal","item":"https:\/\/www.carterbloodcare.org\/es\/legal\/"},{"@type":"ListItem","position":3,"name":"Acomodaci\u00f3n razonable"}]},{"@type":"WebSite","@id":"https:\/\/www.carterbloodcare.org\/es\/#website","url":"https:\/\/www.carterbloodcare.org\/es\/","name":"Carter BloodCare (Espa\u00f1ol)","description":"Just another Carter BloodCare Sites site","potentialAction":[{"@type":"SearchAction","target":{"@type":"EntryPoint","urlTemplate":"https:\/\/www.carterbloodcare.org\/es\/?s={search_term_string}"},"query-input":{"@type":"PropertyValueSpecification","valueRequired":true,"valueName":"search_term_string"}}],"inLanguage":"en-US"}]}},"_links":{"self":[{"href":"https:\/\/www.carterbloodcare.org\/es\/wp-json\/wp\/v2\/pages\/2247","targetHints":{"allow":["GET"]}}],"collection":[{"href":"https:\/\/www.carterbloodcare.org\/es\/wp-json\/wp\/v2\/pages"}],"about":[{"href":"https:\/\/www.carterbloodcare.org\/es\/wp-json\/wp\/v2\/types\/page"}],"author":[{"embeddable":true,"href":"https:\/\/www.carterbloodcare.org\/es\/wp-json\/wp\/v2\/users\/10"}],"replies":[{"embeddable":true,"href":"https:\/\/www.carterbloodcare.org\/es\/wp-json\/wp\/v2\/comments?post=2247"}],"version-history":[{"count":0,"href":"https:\/\/www.carterbloodcare.org\/es\/wp-json\/wp\/v2\/pages\/2247\/revisions"}],"up":[{"embeddable":true,"href":"https:\/\/www.carterbloodcare.org\/es\/wp-json\/wp\/v2\/pages\/2239"}],"wp:attachment":[{"href":"https:\/\/www.carterbloodcare.org\/es\/wp-json\/wp\/v2\/media?parent=2247"}],"curies":[{"name":"wp","href":"https:\/\/api.w.org\/{rel}","templated":true}]}}