{"id":2245,"date":"2021-11-29T16:23:45","date_gmt":"2021-11-29T22:23:45","guid":{"rendered":"https:\/\/www.carterbloodcare.org\/?page_id=2245"},"modified":"2022-12-08T14:23:20","modified_gmt":"2022-12-08T14:23:20","slug":"transparencia-de-pago","status":"publish","type":"page","link":"https:\/\/www.carterbloodcare.org\/es\/legal\/transparencia-de-pago\/","title":{"rendered":"Transparencia de Pago"},"content":{"rendered":"                    <div id=\"wysiwyg-block_61a553c33101a\" class=\"wysiwyg\">\n            <div class=\"grid-container\">\n                <div class=\"grid-x grid-full-content\">\n                    <div class=\"cell large-12 medium-12 small-12\">\n                                                <h2>TRANSPARENCIA SALARIAL NO DISCRIMINATORIA PROVISTA<\/h2>\n<p>El contratista no despedir\u00e1 ni discriminar\u00e1 de ninguna otra manera a los empleados o solicitantes porque hayan preguntado, discutido o divulgado su propio pago o el pago de otro empleado o solicitante.   Sin embargo, los empleados que tienen acceso a la informaci\u00f3n de compensaci\u00f3n de otros empleados o solicitantes como parte de sus funciones laborales esenciales no pueden divulgar el pago de otros empleados o solicitantes a personas que de otro modo no tienen acceso a la informaci\u00f3n de compensaci\u00f3n, a menos que la divulgaci\u00f3n sea (a) en respuesta a una denuncia o acusaci\u00f3n formal, (b) en apoyo de una investigaci\u00f3n, procedimiento, audiencia o acci\u00f3n, incluida una investigaci\u00f3n realizada por el empleador, o (c) de conformidad con la obligaci\u00f3n legal del contratista de proporcionar informaci\u00f3n. 41 CFR 60-1.35(c)<\/p>\n                                            <\/div>\n                <\/div>\n            <\/div>\n        <\/div>\n                <style text=\"text\/css\">\n            #wysiwyg-block_61a553c33101a{\n                                padding-top: 45px;\n                                                padding-bottom: 100px;\n                            }\n                        @media screen and (max-width: 1023px){\n                #wysiwyg-block_61a553c33101a{\n                                                                padding-bottom: 50px;\n                                    }\n            }\n                    <\/style>\n            ","protected":false},"excerpt":{"rendered":"","protected":false},"author":10,"featured_media":0,"parent":2239,"menu_order":0,"comment_status":"closed","ping_status":"closed","template":"legal.php","meta":{"_acf_changed":false,"footnotes":""},"class_list":["post-2245","page","type-page","status-publish","hentry"],"acf":[],"yoast_head":"<!-- This site is optimized with the Yoast SEO plugin v27.4 - https:\/\/yoast.com\/product\/yoast-seo-wordpress\/ -->\n<title>Aviso de transparencia de pagos | Carter BloodCare<\/title>\n<meta name=\"description\" content=\"Carter BloodCare will not discharge or discriminate against employees or applicants because they have inquired about pay.\" \/>\n<meta name=\"robots\" content=\"index, follow, max-snippet:-1, max-image-preview:large, max-video-preview:-1\" \/>\n<link rel=\"canonical\" href=\"https:\/\/www.carterbloodcare.org\/es\/legal\/transparencia-de-pago\/\" \/>\n<meta property=\"og:locale\" content=\"en_US\" \/>\n<meta property=\"og:type\" content=\"article\" \/>\n<meta property=\"og:title\" content=\"Aviso de transparencia de pagos | Carter BloodCare\" \/>\n<meta property=\"og:description\" content=\"Carter BloodCare will not discharge or discriminate against employees or applicants because they have inquired about pay.\" \/>\n<meta property=\"og:url\" content=\"https:\/\/www.carterbloodcare.org\/es\/legal\/transparencia-de-pago\/\" \/>\n<meta property=\"og:site_name\" content=\"Carter BloodCare (Espa\u00f1ol)\" \/>\n<meta property=\"article:modified_time\" content=\"2022-12-08T14:23:20+00:00\" \/>\n<meta name=\"twitter:card\" content=\"summary_large_image\" \/>\n<script type=\"application\/ld+json\" class=\"yoast-schema-graph\">{\"@context\":\"https:\\\/\\\/schema.org\",\"@graph\":[{\"@type\":\"WebPage\",\"@id\":\"https:\\\/\\\/www.carterbloodcare.org\\\/es\\\/legal\\\/transparencia-de-pago\\\/\",\"url\":\"https:\\\/\\\/www.carterbloodcare.org\\\/es\\\/legal\\\/transparencia-de-pago\\\/\",\"name\":\"Aviso de transparencia de pagos | Carter BloodCare\",\"isPartOf\":{\"@id\":\"https:\\\/\\\/www.carterbloodcare.org\\\/es\\\/#website\"},\"datePublished\":\"2021-11-29T22:23:45+00:00\",\"dateModified\":\"2022-12-08T14:23:20+00:00\",\"description\":\"Carter BloodCare will not discharge or discriminate against employees or applicants because they have inquired about pay.\",\"breadcrumb\":{\"@id\":\"https:\\\/\\\/www.carterbloodcare.org\\\/es\\\/legal\\\/transparencia-de-pago\\\/#breadcrumb\"},\"inLanguage\":\"en-US\",\"potentialAction\":[{\"@type\":\"ReadAction\",\"target\":[\"https:\\\/\\\/www.carterbloodcare.org\\\/es\\\/legal\\\/transparencia-de-pago\\\/\"]}]},{\"@type\":\"BreadcrumbList\",\"@id\":\"https:\\\/\\\/www.carterbloodcare.org\\\/es\\\/legal\\\/transparencia-de-pago\\\/#breadcrumb\",\"itemListElement\":[{\"@type\":\"ListItem\",\"position\":1,\"name\":\"Inicio\",\"item\":\"https:\\\/\\\/www.carterbloodcare.org\\\/es\\\/\"},{\"@type\":\"ListItem\",\"position\":2,\"name\":\"Legal\",\"item\":\"https:\\\/\\\/www.carterbloodcare.org\\\/es\\\/legal\\\/\"},{\"@type\":\"ListItem\",\"position\":3,\"name\":\"Transparencia de Pago\"}]},{\"@type\":\"WebSite\",\"@id\":\"https:\\\/\\\/www.carterbloodcare.org\\\/es\\\/#website\",\"url\":\"https:\\\/\\\/www.carterbloodcare.org\\\/es\\\/\",\"name\":\"Carter BloodCare (Espa\u00f1ol)\",\"description\":\"Just another Carter BloodCare Sites site\",\"potentialAction\":[{\"@type\":\"SearchAction\",\"target\":{\"@type\":\"EntryPoint\",\"urlTemplate\":\"https:\\\/\\\/www.carterbloodcare.org\\\/es\\\/?s={search_term_string}\"},\"query-input\":{\"@type\":\"PropertyValueSpecification\",\"valueRequired\":true,\"valueName\":\"search_term_string\"}}],\"inLanguage\":\"en-US\"}]}<\/script>\n<!-- \/ Yoast SEO plugin. -->","yoast_head_json":{"title":"Aviso de transparencia de pagos | Carter BloodCare","description":"Carter BloodCare will not discharge or discriminate against employees or applicants because they have inquired about pay.","robots":{"index":"index","follow":"follow","max-snippet":"max-snippet:-1","max-image-preview":"max-image-preview:large","max-video-preview":"max-video-preview:-1"},"canonical":"https:\/\/www.carterbloodcare.org\/es\/legal\/transparencia-de-pago\/","og_locale":"en_US","og_type":"article","og_title":"Aviso de transparencia de pagos | Carter BloodCare","og_description":"Carter BloodCare will not discharge or discriminate against employees or applicants because they have inquired about pay.","og_url":"https:\/\/www.carterbloodcare.org\/es\/legal\/transparencia-de-pago\/","og_site_name":"Carter BloodCare (Espa\u00f1ol)","article_modified_time":"2022-12-08T14:23:20+00:00","twitter_card":"summary_large_image","schema":{"@context":"https:\/\/schema.org","@graph":[{"@type":"WebPage","@id":"https:\/\/www.carterbloodcare.org\/es\/legal\/transparencia-de-pago\/","url":"https:\/\/www.carterbloodcare.org\/es\/legal\/transparencia-de-pago\/","name":"Aviso de transparencia de pagos | Carter BloodCare","isPartOf":{"@id":"https:\/\/www.carterbloodcare.org\/es\/#website"},"datePublished":"2021-11-29T22:23:45+00:00","dateModified":"2022-12-08T14:23:20+00:00","description":"Carter BloodCare will not discharge or discriminate against employees or applicants because they have inquired about pay.","breadcrumb":{"@id":"https:\/\/www.carterbloodcare.org\/es\/legal\/transparencia-de-pago\/#breadcrumb"},"inLanguage":"en-US","potentialAction":[{"@type":"ReadAction","target":["https:\/\/www.carterbloodcare.org\/es\/legal\/transparencia-de-pago\/"]}]},{"@type":"BreadcrumbList","@id":"https:\/\/www.carterbloodcare.org\/es\/legal\/transparencia-de-pago\/#breadcrumb","itemListElement":[{"@type":"ListItem","position":1,"name":"Inicio","item":"https:\/\/www.carterbloodcare.org\/es\/"},{"@type":"ListItem","position":2,"name":"Legal","item":"https:\/\/www.carterbloodcare.org\/es\/legal\/"},{"@type":"ListItem","position":3,"name":"Transparencia de Pago"}]},{"@type":"WebSite","@id":"https:\/\/www.carterbloodcare.org\/es\/#website","url":"https:\/\/www.carterbloodcare.org\/es\/","name":"Carter BloodCare (Espa\u00f1ol)","description":"Just another Carter BloodCare Sites site","potentialAction":[{"@type":"SearchAction","target":{"@type":"EntryPoint","urlTemplate":"https:\/\/www.carterbloodcare.org\/es\/?s={search_term_string}"},"query-input":{"@type":"PropertyValueSpecification","valueRequired":true,"valueName":"search_term_string"}}],"inLanguage":"en-US"}]}},"_links":{"self":[{"href":"https:\/\/www.carterbloodcare.org\/es\/wp-json\/wp\/v2\/pages\/2245","targetHints":{"allow":["GET"]}}],"collection":[{"href":"https:\/\/www.carterbloodcare.org\/es\/wp-json\/wp\/v2\/pages"}],"about":[{"href":"https:\/\/www.carterbloodcare.org\/es\/wp-json\/wp\/v2\/types\/page"}],"author":[{"embeddable":true,"href":"https:\/\/www.carterbloodcare.org\/es\/wp-json\/wp\/v2\/users\/10"}],"replies":[{"embeddable":true,"href":"https:\/\/www.carterbloodcare.org\/es\/wp-json\/wp\/v2\/comments?post=2245"}],"version-history":[{"count":0,"href":"https:\/\/www.carterbloodcare.org\/es\/wp-json\/wp\/v2\/pages\/2245\/revisions"}],"up":[{"embeddable":true,"href":"https:\/\/www.carterbloodcare.org\/es\/wp-json\/wp\/v2\/pages\/2239"}],"wp:attachment":[{"href":"https:\/\/www.carterbloodcare.org\/es\/wp-json\/wp\/v2\/media?parent=2245"}],"curies":[{"name":"wp","href":"https:\/\/api.w.org\/{rel}","templated":true}]}}