{"id":2241,"date":"2021-11-29T16:22:43","date_gmt":"2021-11-29T22:22:43","guid":{"rendered":"https:\/\/www.carterbloodcare.org\/?page_id=2241"},"modified":"2022-12-08T14:22:35","modified_gmt":"2022-12-08T14:22:35","slug":"eeo-es-ley","status":"publish","type":"page","link":"https:\/\/www.carterbloodcare.org\/es\/legal\/eeo-es-ley\/","title":{"rendered":"EEO es Ley"},"content":{"rendered":"                    <div id=\"wysiwyg-block_61a553bce0333\" class=\"wysiwyg\">\n            <div class=\"grid-container\">\n                <div class=\"grid-x grid-full-content\">\n                    <div class=\"cell large-12 medium-12 small-12\">\n                                                <h2>Igualdad de Oportunidades en el Empleo es LA LEY<\/h2>\n<h3>Empleadores privados, gobiernos estatales y locales, instituciones educativas, agencias de empleo y organizaciones laborales<\/h3>\n<p>Los solicitantes y empleados de la mayor\u00eda de los empleadores privados, gobiernos estatales y locales, instituciones educativas, agencias de empleo y organizaciones laborales est\u00e1n protegidos por la ley Federal contra la discriminaci\u00f3n por los siguientes motivos:<\/p>\n<p><strong>RAZA, COLOR, RELIGI\u00d3N, SEXO, ORIGEN NACIONAL<\/strong><\/p>\n<p>El T\u00edtulo VII de la Ley de Derechos Civiles de 1964, enmendada, protege a los solicitantes y empleados de la discriminaci\u00f3n en la contrataci\u00f3n, promoci\u00f3n, despido, pago, beneficios complementarios, capacitaci\u00f3n laboral, clasificaci\u00f3n, referencia y otros aspectos del empleo, por motivos de raza, color, religi\u00f3n, sexo (incluido el embarazo) u origen nacional. La discriminaci\u00f3n religiosa incluye no acomodar razonablemente las pr\u00e1cticas religiosas de un empleado cuando la acomodaci\u00f3n no impone dificultades excesivas.<\/p>\n<p><strong>INVALIDEZ<\/strong><\/p>\n<p>El T\u00edtulo I y el T\u00edtulo V de la Ley de Estadounidenses con Discapacidades de 1990, seg\u00fan enmendada, protegen a las personas calificadas de la discriminaci\u00f3n por motivos de discapacidad en la contrataci\u00f3n, promoci\u00f3n, despido, pago, beneficios complementarios, capacitaci\u00f3n laboral, clasificaci\u00f3n, referencia y otros aspectos de empleo. La discriminaci\u00f3n por discapacidad incluye no hacer adaptaciones razonables a las limitaciones f\u00edsicas o mentales conocidas de una persona con una discapacidad calificada que es un solicitante o empleado, salvo dificultades excesivas.<\/p>\n<p><strong>EDAD<\/strong><\/p>\n<p>La Ley de Discriminaci\u00f3n por Edad en el Empleo de 1967, enmendada, protege a los solicitantes y empleados de 40 a\u00f1os o m\u00e1s de la discriminaci\u00f3n basada en la edad en la contrataci\u00f3n, promoci\u00f3n, despido, pago, beneficios adicionales, capacitaci\u00f3n laboral, clasificaci\u00f3n, referencia y otros aspectos de empleo.<\/p>\n<p><strong>SEXO (SALARIO)<\/strong><\/p>\n<p>Adem\u00e1s de la discriminaci\u00f3n sexual prohibida por el T\u00edtulo VII de la Ley de Derechos Civiles, en su forma enmendada, la Ley de Igualdad Salarial de 1963, en su forma enmendada, proh\u00edbe la discriminaci\u00f3n sexual en el pago de salarios a mujeres y hombres que realizan un trabajo sustancialmente igual, en trabajos que requieren igualdad habilidad, esfuerzo y responsabilidad, en condiciones de trabajo similares, en el mismo establecimiento.<\/p>\n<p><strong>GEN\u00c9TICA<\/strong><\/p>\n<p>El T\u00edtulo II de la Ley de No Discriminaci\u00f3n por Informaci\u00f3n Gen\u00e9tica de 2008 protege a los solicitantes y empleados de la discriminaci\u00f3n basada en la informaci\u00f3n gen\u00e9tica en la contrataci\u00f3n, promoci\u00f3n, despido, pago, beneficios complementarios, capacitaci\u00f3n laboral, clasificaci\u00f3n, referencia y otros aspectos del empleo. GINA tambi\u00e9n restringe la adquisici\u00f3n de informaci\u00f3n gen\u00e9tica por parte de los empleadores y limita estrictamente la divulgaci\u00f3n de informaci\u00f3n gen\u00e9tica. La informaci\u00f3n gen\u00e9tica incluye informaci\u00f3n sobre las pruebas gen\u00e9ticas de los solicitantes, empleados o sus familiares; la manifestaci\u00f3n de enfermedades o trastornos en los miembros de la familia (antecedentes m\u00e9dicos familiares); y solicitudes o recepci\u00f3n de servicios gen\u00e9ticos por parte de solicitantes, empleados o sus familiares.<\/p>\n<p><strong>REPRESALIAS<\/strong><\/p>\n<p>Todas estas leyes federales proh\u00edben que las entidades cubiertas tomen represalias contra una persona que presente una acusaci\u00f3n de discriminaci\u00f3n, participe en un procedimiento de discriminaci\u00f3n o se oponga a una pr\u00e1ctica laboral ilegal.<\/p>\n<p><strong>QU\u00c9 HACER SI CREE QUE HA OCURRIDO DISCRIMINACI\u00d3N<\/strong><\/p>\n<p>Hay l\u00edmites de tiempo estrictos para presentar cargos de discriminaci\u00f3n laboral. Para preservar la capacidad de la EEOC de actuar en su nombre y para proteger su derecho a presentar una demanda privada, en caso de que finalmente lo necesite, debe comunicarse con la EEOC de inmediato cuando se sospeche de discriminaci\u00f3n: La Comisi\u00f3n de Igualdad de Oportunidades en el Empleo de EE. UU. (EEOC), 1- 800-669-4000 (llamada gratuita) o 1-800-669-6820 (n\u00famero TTY gratuito para personas con problemas auditivos). La informaci\u00f3n de la oficina de campo de la EEOC est\u00e1 disponible en <a href=\"https:\/\/www.eeoc.gov\" target=\"_blank\" rel=\"noopener\">www.eeoc.gov<\/a> o en la mayor\u00eda de los directorios telef\u00f3nicos en la secci\u00f3n del Gobierno de los EE. UU. o del Gobierno Federal. Hay informaci\u00f3n adicional sobre la EEOC, incluida la informaci\u00f3n sobre la presentaci\u00f3n de cargos, disponible en <a href=\"https:\/\/www.eeoc.gov\" target=\"_blank\" rel=\"noopener\">www.eeoc.gov<\/a>.<\/p>\n<h3>Empleadores que tienen contratos o subcontratos federales<\/h3>\n<p>Los solicitantes y empleados de empresas con un contrato o subcontrato del gobierno federal est\u00e1n protegidos por la ley federal contra la discriminaci\u00f3n por los siguientes motivos:<\/p>\n<p><strong>RAZA, COLOR, RELIGI\u00d3N, SEXO, ORIGEN NACIONAL<\/strong><\/p>\n<p>La Orden Ejecutiva 11246, enmendada, proh\u00edbe la discriminaci\u00f3n laboral por motivos de raza, color, religi\u00f3n, sexo u origen nacional, y requiere acci\u00f3n afirmativa para garantizar la igualdad de oportunidades en todos los aspectos del empleo.<\/p>\n<p><strong>PERSONAS CON DISCAPACIDAD<\/strong><\/p>\n<p>La Secci\u00f3n 503 de la Ley de Rehabilitaci\u00f3n de 1973, enmendada, protege a las personas calificadas contra la discriminaci\u00f3n por discapacidad en la contrataci\u00f3n, promoci\u00f3n, despido, pago, beneficios adicionales, capacitaci\u00f3n laboral, clasificaci\u00f3n, referencia y otros aspectos del empleo. La discriminaci\u00f3n por discapacidad incluye no hacer adaptaciones razonables a las limitaciones f\u00edsicas o mentales conocidas de una persona con una discapacidad calificada que es un solicitante o empleado, salvo dificultades excesivas. La Secci\u00f3n 503 tambi\u00e9n requiere que los contratistas federales tomen medidas afirmativas para emplear y promover en el empleo a personas calificadas con discapacidades en todos los niveles de empleo, incluido el nivel ejecutivo.<\/p>\n<p><strong>DISCAPACITADOS, RECIENTEMENTE SEPARADOS, OTROS PROTEGIDOS Y VETERANOS CON MEDALLA DEL SERVICIO DE LAS FUERZAS ARMADAS<\/strong><\/p>\n<p>La Ley de Asistencia para el Reajuste de los Veteranos de la Era de Vietnam de 1974, modificada, 38 U.S.C. 4212, proh\u00edbe la discriminaci\u00f3n laboral y requiere acci\u00f3n afirmativa para emplear y ascender en el empleo a veteranos discapacitados, veteranos recientemente separados (dentro de los tres a\u00f1os posteriores a la descarga o liberaci\u00f3n del servicio activo), otros veteranos protegidos (veteranos que sirvieron durante una guerra o en una campa\u00f1a o expedici\u00f3n para los que se ha autorizado una insignia de campa\u00f1a), y veteranos con medallas de servicio de las Fuerzas Armadas (veteranos que, mientras estaban en servicio activo, participaron en una operaci\u00f3n militar de EE. UU. por la que se otorg\u00f3 una medalla de servicio de las Fuerzas Armadas).<\/p>\n<p><strong>REPRESALIAS<\/strong><\/p>\n<p>Se proh\u00edben las represalias contra una persona que presente una denuncia de discriminaci\u00f3n, participe en un procedimiento de la OFCCP o se oponga a la discriminaci\u00f3n en virtud de estas leyes federales.<\/p>\n<p>Cualquier persona que crea que un contratista ha violado sus obligaciones de no discriminaci\u00f3n o acci\u00f3n afirmativa bajo las autoridades anteriores debe comunicarse de inmediato con:<\/p>\n<p>La Oficina de Programas de Cumplimiento de Contratos Federales (OFCCP), Departamento de Trabajo de EE. UU., 200 Constitution Avenue, N.W., Washington, D.C. 20210, 1-800-397-6251 (l\u00ednea gratuita) o (202) 693-1337 (TTY). Tambi\u00e9n se puede contactar a la OFCCP por correo electr\u00f3nico a OFCCP-Public@dol.gov, o llamando a una oficina regional o de distrito de la OFCCP, que figura en la mayor\u00eda de los directorios telef\u00f3nicos bajo U.S. Government, Department of Labor<\/p>\n<h3>Programas o actividades que reciben asistencia financiera federal<\/h3>\n<p><strong>RAZA, COLOR, ORIGEN NACIONAL, SEXO<\/strong><\/p>\n<p>Adem\u00e1s de las protecciones del T\u00edtulo VII de la Ley de Derechos Civiles de 1964, seg\u00fan enmendada, el T\u00edtulo VI de la Ley de Derechos Civiles de 1964, seg\u00fan enmendada, proh\u00edbe la discriminaci\u00f3n por motivos de raza, color u origen nacional en programas o actividades que reciben asistencia financiera. La discriminaci\u00f3n laboral est\u00e1 cubierta por el T\u00edtulo VI si el objetivo principal de la asistencia financiera es la provisi\u00f3n de empleo, o cuando la discriminaci\u00f3n laboral cause o pueda causar discriminaci\u00f3n en la prestaci\u00f3n de servicios bajo dichos programas. El T\u00edtulo IX de las Enmiendas de Educaci\u00f3n de 1972 proh\u00edbe la discriminaci\u00f3n laboral por raz\u00f3n de sexo en programas o actividades educativas que reciben asistencia financiera federal.<\/p>\n<p><strong>PERSONAS CON DISCAPACIDAD<\/strong><\/p>\n<p>La Secci\u00f3n 504 de la Ley de Rehabilitaci\u00f3n de 1973, enmendada, proh\u00edbe la discriminaci\u00f3n laboral por motivos de discapacidad en cualquier programa o actividad que reciba asistencia financiera federal. Est\u00e1 prohibida la discriminaci\u00f3n en todos los aspectos del empleo contra las personas con discapacidad que, con o sin ajustes razonables, pueden desempe\u00f1ar las funciones esenciales del trabajo.<\/p>\n<p>Si cree que ha sido discriminado en un programa de cualquier instituci\u00f3n que recibe asistencia financiera federal, debe comunicarse de inmediato con la agencia Federal que brinda dicha asistencia.<\/p>\n                                            <\/div>\n                <\/div>\n            <\/div>\n        <\/div>\n                <style text=\"text\/css\">\n            #wysiwyg-block_61a553bce0333{\n                                padding-top: 45px;\n                                                padding-bottom: 100px;\n                            }\n                        @media screen and (max-width: 1023px){\n                #wysiwyg-block_61a553bce0333{\n                                                                padding-bottom: 50px;\n                                    }\n            }\n                    <\/style>\n            ","protected":false},"excerpt":{"rendered":"","protected":false},"author":10,"featured_media":0,"parent":2239,"menu_order":0,"comment_status":"closed","ping_status":"closed","template":"legal.php","meta":{"_acf_changed":false,"footnotes":""},"class_list":["post-2241","page","type-page","status-publish","hentry"],"acf":[],"yoast_head":"<!-- This site is optimized with the Yoast SEO plugin v27.6 - https:\/\/yoast.com\/product\/yoast-seo-wordpress\/ -->\n<title>Oportunidad Equitativa de Empleo | Carter BloodCare<\/title>\n<meta name=\"description\" content=\"Carter BloodCare is an equal opportunity employer that is committed to inclusion and diversity\" \/>\n<meta name=\"robots\" content=\"index, follow, max-snippet:-1, max-image-preview:large, max-video-preview:-1\" \/>\n<link rel=\"canonical\" href=\"https:\/\/www.carterbloodcare.org\/es\/legal\/eeo-es-ley\/\" \/>\n<meta property=\"og:locale\" content=\"en_US\" \/>\n<meta property=\"og:type\" content=\"article\" \/>\n<meta property=\"og:title\" content=\"Oportunidad Equitativa de Empleo | Carter BloodCare\" \/>\n<meta property=\"og:description\" content=\"Carter BloodCare is an equal opportunity employer that is committed to inclusion and diversity\" \/>\n<meta property=\"og:url\" content=\"https:\/\/www.carterbloodcare.org\/es\/legal\/eeo-es-ley\/\" \/>\n<meta property=\"og:site_name\" content=\"Carter BloodCare (Espa\u00f1ol)\" \/>\n<meta property=\"article:modified_time\" content=\"2022-12-08T14:22:35+00:00\" \/>\n<meta name=\"twitter:card\" content=\"summary_large_image\" \/>\n<script type=\"application\/ld+json\" class=\"yoast-schema-graph\">{\"@context\":\"https:\\\/\\\/schema.org\",\"@graph\":[{\"@type\":\"WebPage\",\"@id\":\"https:\\\/\\\/www.carterbloodcare.org\\\/es\\\/legal\\\/eeo-es-ley\\\/\",\"url\":\"https:\\\/\\\/www.carterbloodcare.org\\\/es\\\/legal\\\/eeo-es-ley\\\/\",\"name\":\"Oportunidad Equitativa de Empleo | Carter BloodCare\",\"isPartOf\":{\"@id\":\"https:\\\/\\\/www.carterbloodcare.org\\\/es\\\/#website\"},\"datePublished\":\"2021-11-29T22:22:43+00:00\",\"dateModified\":\"2022-12-08T14:22:35+00:00\",\"description\":\"Carter BloodCare is an equal opportunity employer that is committed to inclusion and diversity\",\"breadcrumb\":{\"@id\":\"https:\\\/\\\/www.carterbloodcare.org\\\/es\\\/legal\\\/eeo-es-ley\\\/#breadcrumb\"},\"inLanguage\":\"en-US\",\"potentialAction\":[{\"@type\":\"ReadAction\",\"target\":[\"https:\\\/\\\/www.carterbloodcare.org\\\/es\\\/legal\\\/eeo-es-ley\\\/\"]}]},{\"@type\":\"BreadcrumbList\",\"@id\":\"https:\\\/\\\/www.carterbloodcare.org\\\/es\\\/legal\\\/eeo-es-ley\\\/#breadcrumb\",\"itemListElement\":[{\"@type\":\"ListItem\",\"position\":1,\"name\":\"Inicio\",\"item\":\"https:\\\/\\\/www.carterbloodcare.org\\\/es\\\/\"},{\"@type\":\"ListItem\",\"position\":2,\"name\":\"Legal\",\"item\":\"https:\\\/\\\/www.carterbloodcare.org\\\/es\\\/legal\\\/\"},{\"@type\":\"ListItem\",\"position\":3,\"name\":\"EEO es Ley\"}]},{\"@type\":\"WebSite\",\"@id\":\"https:\\\/\\\/www.carterbloodcare.org\\\/es\\\/#website\",\"url\":\"https:\\\/\\\/www.carterbloodcare.org\\\/es\\\/\",\"name\":\"Carter BloodCare (Espa\u00f1ol)\",\"description\":\"Just another Carter BloodCare Sites site\",\"potentialAction\":[{\"@type\":\"SearchAction\",\"target\":{\"@type\":\"EntryPoint\",\"urlTemplate\":\"https:\\\/\\\/www.carterbloodcare.org\\\/es\\\/?s={search_term_string}\"},\"query-input\":{\"@type\":\"PropertyValueSpecification\",\"valueRequired\":true,\"valueName\":\"search_term_string\"}}],\"inLanguage\":\"en-US\"}]}<\/script>\n<!-- \/ Yoast SEO plugin. -->","yoast_head_json":{"title":"Oportunidad Equitativa de Empleo | Carter BloodCare","description":"Carter BloodCare is an equal opportunity employer that is committed to inclusion and diversity","robots":{"index":"index","follow":"follow","max-snippet":"max-snippet:-1","max-image-preview":"max-image-preview:large","max-video-preview":"max-video-preview:-1"},"canonical":"https:\/\/www.carterbloodcare.org\/es\/legal\/eeo-es-ley\/","og_locale":"en_US","og_type":"article","og_title":"Oportunidad Equitativa de Empleo | Carter BloodCare","og_description":"Carter BloodCare is an equal opportunity employer that is committed to inclusion and diversity","og_url":"https:\/\/www.carterbloodcare.org\/es\/legal\/eeo-es-ley\/","og_site_name":"Carter BloodCare (Espa\u00f1ol)","article_modified_time":"2022-12-08T14:22:35+00:00","twitter_card":"summary_large_image","schema":{"@context":"https:\/\/schema.org","@graph":[{"@type":"WebPage","@id":"https:\/\/www.carterbloodcare.org\/es\/legal\/eeo-es-ley\/","url":"https:\/\/www.carterbloodcare.org\/es\/legal\/eeo-es-ley\/","name":"Oportunidad Equitativa de Empleo | Carter BloodCare","isPartOf":{"@id":"https:\/\/www.carterbloodcare.org\/es\/#website"},"datePublished":"2021-11-29T22:22:43+00:00","dateModified":"2022-12-08T14:22:35+00:00","description":"Carter BloodCare is an equal opportunity employer that is committed to inclusion and diversity","breadcrumb":{"@id":"https:\/\/www.carterbloodcare.org\/es\/legal\/eeo-es-ley\/#breadcrumb"},"inLanguage":"en-US","potentialAction":[{"@type":"ReadAction","target":["https:\/\/www.carterbloodcare.org\/es\/legal\/eeo-es-ley\/"]}]},{"@type":"BreadcrumbList","@id":"https:\/\/www.carterbloodcare.org\/es\/legal\/eeo-es-ley\/#breadcrumb","itemListElement":[{"@type":"ListItem","position":1,"name":"Inicio","item":"https:\/\/www.carterbloodcare.org\/es\/"},{"@type":"ListItem","position":2,"name":"Legal","item":"https:\/\/www.carterbloodcare.org\/es\/legal\/"},{"@type":"ListItem","position":3,"name":"EEO es Ley"}]},{"@type":"WebSite","@id":"https:\/\/www.carterbloodcare.org\/es\/#website","url":"https:\/\/www.carterbloodcare.org\/es\/","name":"Carter BloodCare (Espa\u00f1ol)","description":"Just another Carter BloodCare Sites site","potentialAction":[{"@type":"SearchAction","target":{"@type":"EntryPoint","urlTemplate":"https:\/\/www.carterbloodcare.org\/es\/?s={search_term_string}"},"query-input":{"@type":"PropertyValueSpecification","valueRequired":true,"valueName":"search_term_string"}}],"inLanguage":"en-US"}]}},"_links":{"self":[{"href":"https:\/\/www.carterbloodcare.org\/es\/wp-json\/wp\/v2\/pages\/2241","targetHints":{"allow":["GET"]}}],"collection":[{"href":"https:\/\/www.carterbloodcare.org\/es\/wp-json\/wp\/v2\/pages"}],"about":[{"href":"https:\/\/www.carterbloodcare.org\/es\/wp-json\/wp\/v2\/types\/page"}],"author":[{"embeddable":true,"href":"https:\/\/www.carterbloodcare.org\/es\/wp-json\/wp\/v2\/users\/10"}],"replies":[{"embeddable":true,"href":"https:\/\/www.carterbloodcare.org\/es\/wp-json\/wp\/v2\/comments?post=2241"}],"version-history":[{"count":0,"href":"https:\/\/www.carterbloodcare.org\/es\/wp-json\/wp\/v2\/pages\/2241\/revisions"}],"up":[{"embeddable":true,"href":"https:\/\/www.carterbloodcare.org\/es\/wp-json\/wp\/v2\/pages\/2239"}],"wp:attachment":[{"href":"https:\/\/www.carterbloodcare.org\/es\/wp-json\/wp\/v2\/media?parent=2241"}],"curies":[{"name":"wp","href":"https:\/\/api.w.org\/{rel}","templated":true}]}}