{"id":2011,"date":"2021-11-27T09:58:20","date_gmt":"2021-11-27T15:58:20","guid":{"rendered":"https:\/\/www.carterbloodcare.org\/?page_id=2011"},"modified":"2026-01-06T18:11:40","modified_gmt":"2026-01-06T18:11:40","slug":"nuestra-historia","status":"publish","type":"page","link":"https:\/\/www.carterbloodcare.org\/es\/quienes-somos\/nuestra-historia\/","title":{"rendered":"Nuestra Historia"},"content":{"rendered":"\n                    <div id=\"smallheadlines-block_7c51935fc70585139d3282598b266623\" class=\"smallheadlines\">\n            <div class=\"grid-container header-margins\">\n                <div class=\"grid-x grid-full-content\">\n                    <div class=\"cell large-12 medium-12 small-12\">\n                                                <div class=\"title\"><h1>Nuestra Historia<\/h1><\/div>\n                                            <\/div>\n                <\/div>\n            <\/div>\n        <\/div>\n\n                <style text=\"text\/css\">\n            #smallheadlines-block_7c51935fc70585139d3282598b266623{\n                                background-image: url('https:\/\/www.carterbloodcare.org\/es\/wp-content\/uploads\/sites\/10\/2021\/11\/horizontal-background.png');\n            }\n                    <\/style>\n            \n\n    \n                    \n            \n            <div id=\"imagecontent-block_7535bb49d3d103606b039092daaa7acf\" class=\"imagecontent extrude\" style=\"\">\n                <div class=\"grid-container margins\">\n                    <div class=\"grid-x grid-margin-x grid-image-content\">\n                        <div class=\"cell large-6 medium-12 small-12 right text-column\">\n                            \n                                \n\n                            \n                                                                <div class=\"sub-title sub-heading\">HISTORIA<\/div>\n                                \n                                                                <div class=\"title h3\">75 a\u00f1os salvando vidas<\/div>\n                                \n\n                                                                <div class=\"description body-one\"><p>Desde 1951, Carter BloodCare ha estado salvando vidas en el Norte, Centro y Este de Texas. \u00a0Estamos celebrando nuestro 75 Aniversario en 2026.<\/p>\n<\/div>\n                                \n                                \n                                                    <\/div>\n                                                <div class=\"cell large-6 medium-12 small-12 left image-column\" style=\"text-align: center;\">\n                                                                                        <img decoding=\"async\" src=\"https:\/\/www.carterbloodcare.org\/es\/wp-content\/uploads\/sites\/10\/2021\/12\/cbc_history-e1640102060543.png\" alt=\"\" class=\"imagecontent-image\" \/>\n                                                                                                            <\/div>\n                    <\/div>\n                <\/div>\n            <\/div>\n                        <style text=\"text\/css\">\n                         #imagecontent-block_7535bb49d3d103606b039092daaa7acf{\n                                padding-top: 25px;\n                                            }\n                                <\/style>\n            \n\n    \n                    \n            \n            <div id=\"imagecontent-block_a7572c5c9d849f54c0bcb194ae80224b\" class=\"imagecontent\" style=\"background: #F8F8F8; \">\n                <div class=\"grid-container margins\">\n                    <div class=\"grid-x grid-margin-x grid-image-content\">\n                        <div class=\"cell large-6 medium-12 small-12 left text-column\">\n                            \n                                \n\n                            \n                                \n                                \n\n                                                                <div class=\"description body-one\"><p><span class=\"title-description\">1951<\/span><br \/>\nCarter BloodCare comenz\u00f3 cuando J.K. y Susie L. Wadley fundaron el Wadley Research Institute and Blood Bank, una organizaci\u00f3n sin fines de lucro.<br \/>\n<span class=\"title-description\">1959<\/span><br \/>\nLa Fundaci\u00f3n Amon G. Carter entreg\u00f3 dinero de la subvenci\u00f3n para ayudar a fundar Carter Blood Center sin fines de lucro para servir a Fort Worth.<\/p>\n<\/div>\n                                \n                                \n                                                    <\/div>\n                                                <div class=\"cell large-6 medium-12 small-12 right image-column\" style=\"text-align: center;\">\n                                                                                        <img decoding=\"async\" src=\"https:\/\/www.carterbloodcare.org\/es\/wp-content\/uploads\/sites\/10\/2021\/12\/Group-158.png\" alt=\"\" class=\"imagecontent-image\" \/>\n                                                                                                            <\/div>\n                    <\/div>\n                <\/div>\n            <\/div>\n                        <style text=\"text\/css\">\n                         #imagecontent-block_a7572c5c9d849f54c0bcb194ae80224b{\n                                padding-top: 125px;\n                                                padding-bottom: 50px;\n                            }\n                                    @media screen and (max-width: 1023px){\n                                #imagecontent-block_a7572c5c9d849f54c0bcb194ae80224b{\n                                            padding-top: 62.5px;\n                                                        }\n                                #imagecontent-block_a7572c5c9d849f54c0bcb194ae80224b.protrude {\n                    padding-bottom: 50px;\n                }\n            }\n                    <\/style>\n            \n\n    \n                    \n            \n            <div id=\"imagecontent-block_0f2902183f25e6d826e5cea0c71ef77f\" class=\"imagecontent\" style=\"background: #F8F8F8; \">\n                <div class=\"grid-container margins\">\n                    <div class=\"grid-x grid-margin-x grid-image-content\">\n                        <div class=\"cell large-6 medium-12 small-12 right text-column\">\n                            \n                                \n\n                            \n                                \n                                \n\n                                                                <div class=\"description body-one\"><p><span class=\"title-description\">1993<\/span><br \/>\nLa organizaci\u00f3n Wadley cambi\u00f3 su nombre a BloodCare of Dallas.<br \/>\n<span class=\"title-description\">1998<\/span><br \/>\nBloodCare se uni\u00f3 a Carter Blood Center para formar el centro de sangre comunitario sin fines de lucro 501(c)(3) conocido hoy como Carter BloodCare. Ambos centros comunitarios de sangre acordaron que podr\u00edan brindar un mejor servicio al \u00e1rea metropolitana de DFW si se fusionaban.<br \/>\n<span class=\"title-description\">2001<\/span><br \/>\nCarter BloodCare se expandi\u00f3 al centro de Texas luego de la invitaci\u00f3n para brindar servicio a los hospitales de Waco.<\/p>\n<\/div>\n                                \n                                \n                                                    <\/div>\n                                                <div class=\"cell large-6 medium-12 small-12 left image-column\" style=\"text-align: center;\">\n                                                                                        <img decoding=\"async\" src=\"https:\/\/www.carterbloodcare.org\/es\/wp-content\/uploads\/sites\/10\/2021\/12\/Group-161.png\" alt=\"\" class=\"imagecontent-image\" \/>\n                                                                                                            <\/div>\n                    <\/div>\n                <\/div>\n            <\/div>\n                        <style text=\"text\/css\">\n                         #imagecontent-block_0f2902183f25e6d826e5cea0c71ef77f{\n                                padding-top: 50px;\n                                                padding-bottom: 50px;\n                            }\n                                <\/style>\n            \n\n    \n                    \n            \n            <div id=\"imagecontent-block_f21525c3da7d4721b43f86a01201f9d8\" class=\"imagecontent\" style=\"background: #F8F8F8; \">\n                <div class=\"grid-container margins\">\n                    <div class=\"grid-x grid-margin-x grid-image-content\">\n                        <div class=\"cell large-6 medium-12 small-12 left text-column\">\n                            \n                                \n\n                            \n                                \n                                \n\n                                                                <div class=\"description body-one\"><p><span class=\"title-description\">2007<\/span><br \/>\nCarter BloodCare se fusion\u00f3 con Stewart Regional Blood Center en Tyler, ampliando el alcance hacia el este de Texas y creando uno de los centros comunitarios de sangre m\u00e1s grandes de Texas.<br \/>\n<span class=\"title-description\">2026<\/span><br \/>\nCarter BloodCare se ha fusionado con el Centro Regional de Sangre de Texoma en Sherman. Hemos ampliado nuestros servicios en los condados de Grayson y Fannin para llevar sangre que salva vidas a m\u00e1s tejanos.<\/p>\n<p><span class=\"title-description\">Hoy d\u00eda<\/span><br \/>\nCarter BloodCare provee recursos de transfusi\u00f3n que salvan vidas a m\u00e1s de 200 instalaciones m\u00e9dicas en m\u00e1s de 50 condados en todo el norte, centro y este de Texas. Cada a\u00f1o, proveemos m\u00e1s de 440,000 unidades de productos sangu\u00edneos para cumplir con los requisitos de tratamiento de los pacientes. Los servicios de Carter BloodCare incluyen recolecci\u00f3n, procesamiento, pruebas de laboratorio especializadas, almacenamiento y distribuci\u00f3n de sangre y componentes sangu\u00edneos.<\/p>\n<p><span class=\"title-description\">Future<\/span><\/p>\n<p>Carter BloodCare contin\u00faa invirtiendo en el futuro para garantizar que los habitantes del Norte, Centro y Este de Texas tengan acceso a transfusiones de sangre que salvan vidas. Esta inversi\u00f3n se materializa en la expansi\u00f3n continua de los centros de donaci\u00f3n y las \u00e1reas de servicio, as\u00ed como en un proyecto de ampliaci\u00f3n en la sede central de Bedford que proporcionar\u00e1 m\u00e1s espacio y recursos adicionales para salvar vidas hacienda posible las transfusiones.<\/p>\n<\/div>\n                                \n                                \n                                                    <\/div>\n                                                <div class=\"cell large-6 medium-12 small-12 right image-column\" style=\"text-align: center;\">\n                                                                                        <img decoding=\"async\" src=\"https:\/\/www.carterbloodcare.org\/es\/wp-content\/uploads\/sites\/10\/2021\/11\/380A4775-2-1.png\" alt=\"\" class=\"imagecontent-image\" \/>\n                                                                                                            <\/div>\n                    <\/div>\n                <\/div>\n            <\/div>\n                        <style text=\"text\/css\">\n                         #imagecontent-block_f21525c3da7d4721b43f86a01201f9d8{\n                                padding-top: 50px;\n                                                padding-bottom: 100px;\n                            }\n                                    @media screen and (max-width: 1023px){\n                                #imagecontent-block_f21525c3da7d4721b43f86a01201f9d8{\n                                                                padding-bottom: 50px;\n                                    }\n                                #imagecontent-block_f21525c3da7d4721b43f86a01201f9d8.protrude {\n                    padding-bottom: 50px;\n                }\n            }\n                    <\/style>\n            ","protected":false},"excerpt":{"rendered":"","protected":false},"author":10,"featured_media":0,"parent":2006,"menu_order":0,"comment_status":"closed","ping_status":"closed","template":"","meta":{"_acf_changed":true,"footnotes":""},"class_list":["post-2011","page","type-page","status-publish","hentry"],"acf":[],"yoast_head":"<!-- This site is optimized with the Yoast SEO plugin v27.3 - https:\/\/yoast.com\/product\/yoast-seo-wordpress\/ -->\n<title>Nuestra historia | Carter BloodCare<\/title>\n<meta name=\"description\" content=\"For more than 70 years, CBC has been saving lives across Texas. Explore our history and how we plan to continue to make a difference one donation at a time.\" \/>\n<meta name=\"robots\" content=\"index, follow, max-snippet:-1, max-image-preview:large, max-video-preview:-1\" \/>\n<link rel=\"canonical\" href=\"https:\/\/www.carterbloodcare.org\/es\/quienes-somos\/nuestra-historia\/\" \/>\n<meta property=\"og:locale\" content=\"en_US\" \/>\n<meta property=\"og:type\" content=\"article\" \/>\n<meta property=\"og:title\" content=\"Nuestra historia | Carter BloodCare\" \/>\n<meta property=\"og:description\" content=\"For more than 70 years, CBC has been saving lives across Texas. Explore our history and how we plan to continue to make a difference one donation at a time.\" \/>\n<meta property=\"og:url\" content=\"https:\/\/www.carterbloodcare.org\/es\/quienes-somos\/nuestra-historia\/\" \/>\n<meta property=\"og:site_name\" content=\"Carter BloodCare (Espa\u00f1ol)\" \/>\n<meta property=\"article:modified_time\" content=\"2026-01-06T18:11:40+00:00\" \/>\n<meta name=\"twitter:card\" content=\"summary_large_image\" \/>\n<meta name=\"twitter:label1\" content=\"Est. reading time\" \/>\n\t<meta name=\"twitter:data1\" content=\"3 minutes\" \/>\n<script type=\"application\/ld+json\" class=\"yoast-schema-graph\">{\"@context\":\"https:\\\/\\\/schema.org\",\"@graph\":[{\"@type\":\"WebPage\",\"@id\":\"https:\\\/\\\/www.carterbloodcare.org\\\/es\\\/quienes-somos\\\/nuestra-historia\\\/\",\"url\":\"https:\\\/\\\/www.carterbloodcare.org\\\/es\\\/quienes-somos\\\/nuestra-historia\\\/\",\"name\":\"Nuestra historia | Carter BloodCare\",\"isPartOf\":{\"@id\":\"https:\\\/\\\/www.carterbloodcare.org\\\/es\\\/#website\"},\"datePublished\":\"2021-11-27T15:58:20+00:00\",\"dateModified\":\"2026-01-06T18:11:40+00:00\",\"description\":\"For more than 70 years, CBC has been saving lives across Texas. Explore our history and how we plan to continue to make a difference one donation at a time.\",\"breadcrumb\":{\"@id\":\"https:\\\/\\\/www.carterbloodcare.org\\\/es\\\/quienes-somos\\\/nuestra-historia\\\/#breadcrumb\"},\"inLanguage\":\"en-US\",\"potentialAction\":[{\"@type\":\"ReadAction\",\"target\":[\"https:\\\/\\\/www.carterbloodcare.org\\\/es\\\/quienes-somos\\\/nuestra-historia\\\/\"]}]},{\"@type\":\"BreadcrumbList\",\"@id\":\"https:\\\/\\\/www.carterbloodcare.org\\\/es\\\/quienes-somos\\\/nuestra-historia\\\/#breadcrumb\",\"itemListElement\":[{\"@type\":\"ListItem\",\"position\":1,\"name\":\"Inicio\",\"item\":\"https:\\\/\\\/www.carterbloodcare.org\\\/es\\\/\"},{\"@type\":\"ListItem\",\"position\":2,\"name\":\"Quienes somos\",\"item\":\"https:\\\/\\\/www.carterbloodcare.org\\\/es\\\/quienes-somos\\\/\"},{\"@type\":\"ListItem\",\"position\":3,\"name\":\"Nuestra Historia\"}]},{\"@type\":\"WebSite\",\"@id\":\"https:\\\/\\\/www.carterbloodcare.org\\\/es\\\/#website\",\"url\":\"https:\\\/\\\/www.carterbloodcare.org\\\/es\\\/\",\"name\":\"Carter BloodCare (Espa\u00f1ol)\",\"description\":\"Just another Carter BloodCare Sites site\",\"potentialAction\":[{\"@type\":\"SearchAction\",\"target\":{\"@type\":\"EntryPoint\",\"urlTemplate\":\"https:\\\/\\\/www.carterbloodcare.org\\\/es\\\/?s={search_term_string}\"},\"query-input\":{\"@type\":\"PropertyValueSpecification\",\"valueRequired\":true,\"valueName\":\"search_term_string\"}}],\"inLanguage\":\"en-US\"}]}<\/script>\n<!-- \/ Yoast SEO plugin. -->","yoast_head_json":{"title":"Nuestra historia | Carter BloodCare","description":"For more than 70 years, CBC has been saving lives across Texas. Explore our history and how we plan to continue to make a difference one donation at a time.","robots":{"index":"index","follow":"follow","max-snippet":"max-snippet:-1","max-image-preview":"max-image-preview:large","max-video-preview":"max-video-preview:-1"},"canonical":"https:\/\/www.carterbloodcare.org\/es\/quienes-somos\/nuestra-historia\/","og_locale":"en_US","og_type":"article","og_title":"Nuestra historia | Carter BloodCare","og_description":"For more than 70 years, CBC has been saving lives across Texas. Explore our history and how we plan to continue to make a difference one donation at a time.","og_url":"https:\/\/www.carterbloodcare.org\/es\/quienes-somos\/nuestra-historia\/","og_site_name":"Carter BloodCare (Espa\u00f1ol)","article_modified_time":"2026-01-06T18:11:40+00:00","twitter_card":"summary_large_image","twitter_misc":{"Est. reading time":"3 minutes"},"schema":{"@context":"https:\/\/schema.org","@graph":[{"@type":"WebPage","@id":"https:\/\/www.carterbloodcare.org\/es\/quienes-somos\/nuestra-historia\/","url":"https:\/\/www.carterbloodcare.org\/es\/quienes-somos\/nuestra-historia\/","name":"Nuestra historia | Carter BloodCare","isPartOf":{"@id":"https:\/\/www.carterbloodcare.org\/es\/#website"},"datePublished":"2021-11-27T15:58:20+00:00","dateModified":"2026-01-06T18:11:40+00:00","description":"For more than 70 years, CBC has been saving lives across Texas. Explore our history and how we plan to continue to make a difference one donation at a time.","breadcrumb":{"@id":"https:\/\/www.carterbloodcare.org\/es\/quienes-somos\/nuestra-historia\/#breadcrumb"},"inLanguage":"en-US","potentialAction":[{"@type":"ReadAction","target":["https:\/\/www.carterbloodcare.org\/es\/quienes-somos\/nuestra-historia\/"]}]},{"@type":"BreadcrumbList","@id":"https:\/\/www.carterbloodcare.org\/es\/quienes-somos\/nuestra-historia\/#breadcrumb","itemListElement":[{"@type":"ListItem","position":1,"name":"Inicio","item":"https:\/\/www.carterbloodcare.org\/es\/"},{"@type":"ListItem","position":2,"name":"Quienes somos","item":"https:\/\/www.carterbloodcare.org\/es\/quienes-somos\/"},{"@type":"ListItem","position":3,"name":"Nuestra Historia"}]},{"@type":"WebSite","@id":"https:\/\/www.carterbloodcare.org\/es\/#website","url":"https:\/\/www.carterbloodcare.org\/es\/","name":"Carter BloodCare (Espa\u00f1ol)","description":"Just another Carter BloodCare Sites site","potentialAction":[{"@type":"SearchAction","target":{"@type":"EntryPoint","urlTemplate":"https:\/\/www.carterbloodcare.org\/es\/?s={search_term_string}"},"query-input":{"@type":"PropertyValueSpecification","valueRequired":true,"valueName":"search_term_string"}}],"inLanguage":"en-US"}]}},"_links":{"self":[{"href":"https:\/\/www.carterbloodcare.org\/es\/wp-json\/wp\/v2\/pages\/2011","targetHints":{"allow":["GET"]}}],"collection":[{"href":"https:\/\/www.carterbloodcare.org\/es\/wp-json\/wp\/v2\/pages"}],"about":[{"href":"https:\/\/www.carterbloodcare.org\/es\/wp-json\/wp\/v2\/types\/page"}],"author":[{"embeddable":true,"href":"https:\/\/www.carterbloodcare.org\/es\/wp-json\/wp\/v2\/users\/10"}],"replies":[{"embeddable":true,"href":"https:\/\/www.carterbloodcare.org\/es\/wp-json\/wp\/v2\/comments?post=2011"}],"version-history":[{"count":0,"href":"https:\/\/www.carterbloodcare.org\/es\/wp-json\/wp\/v2\/pages\/2011\/revisions"}],"up":[{"embeddable":true,"href":"https:\/\/www.carterbloodcare.org\/es\/wp-json\/wp\/v2\/pages\/2006"}],"wp:attachment":[{"href":"https:\/\/www.carterbloodcare.org\/es\/wp-json\/wp\/v2\/media?parent=2011"}],"curies":[{"name":"wp","href":"https:\/\/api.w.org\/{rel}","templated":true}]}}