{"id":1240,"date":"2021-11-22T15:47:59","date_gmt":"2021-11-22T21:47:59","guid":{"rendered":"https:\/\/www.carterbloodcare.org\/?page_id=1240"},"modified":"2025-11-21T21:38:37","modified_gmt":"2025-11-21T21:38:37","slug":"proceso-de-donacion","status":"publish","type":"page","link":"https:\/\/www.carterbloodcare.org\/es\/donar-sangre\/proceso-de-donacion\/","title":{"rendered":"Proceso de Donaci\u00f3n"},"content":{"rendered":"\n                    <div id=\"headlines-block_927a1f6581718639991112c7b8fdf322\" class=\"headlines\">\n            <div class=\"grid-container header-margins\">\n                <div class=\"grid-x grid-full-content\">\n                    <div class=\"cell large-12 medium-12 small-12\">\n                                                <div class=\"title\"><h1>Proceso de Donaci\u00f3n<\/h1><\/div>\n                                                                    <\/div>\n\n                <\/div>\n            <\/div>\n        <\/div>\n\n                <style text=\"text\/css\">\n            #headlines-block_927a1f6581718639991112c7b8fdf322{\n                                background-image: url('https:\/\/www.carterbloodcare.org\/es\/wp-content\/uploads\/sites\/10\/2024\/06\/diversidad-bg.png');\n            }\n                        @media screen and (max-width: 640px) {\n                #headlines-block_927a1f6581718639991112c7b8fdf322{\n                                        background-image: url('https:\/\/www.carterbloodcare.org\/es\/wp-content\/uploads\/sites\/10\/2024\/06\/diversity-bg-mobile.png');\n                }\n            }\n                    <\/style>\n            \n\n    \n                    \n            \n            <div id=\"imagecontent-block_4eab925d98b01ebec08d89c6871cf77d\" class=\"imagecontent\" style=\"\">\n                <div class=\"grid-container margins\">\n                    <div class=\"grid-x grid-margin-x grid-image-content\">\n                        <div class=\"cell large-6 medium-12 small-12 right text-column\">\n                            \n                                \n\n                            \n                                                                <div class=\"sub-title sub-heading\">DONAR SANGRE<\/div>\n                                \n                                                                <div class=\"title h3\">Sigue estos pasos para salvar vidas<\/div>\n                                \n\n                                                                <div class=\"description body-one\"><p>Comprender los pasos que se enumeran a continuaci\u00f3n, antes de su donaci\u00f3n, puede garantizar que tenga una experiencia exitosa y gratificante.<\/p>\n<\/div>\n                                \n                                \n                                                    <\/div>\n                                                <div class=\"cell large-6 medium-12 small-12 left image-column\" style=\"text-align: left;\">\n                                                        <iframe loading=\"lazy\" width=\"424\" height=\"238\" src=\"https:\/\/www.youtube.com\/embed\/6ODzYcgvj2k\" title=\"La primera donacion\" frameborder=\"0\" allow=\"accelerometer; autoplay; clipboard-write; encrypted-media; gyroscope; picture-in-picture; web-share\" referrerpolicy=\"strict-origin-when-cross-origin\" allowfullscreen><\/iframe>                                                    <\/div>\n                    <\/div>\n                <\/div>\n            <\/div>\n                        <style text=\"text\/css\">\n                         #imagecontent-block_4eab925d98b01ebec08d89c6871cf77d{\n                                padding-top: 100px;\n                                            }\n                                    @media screen and (max-width: 1023px){\n                                #imagecontent-block_4eab925d98b01ebec08d89c6871cf77d{\n                                            padding-top: 50px;\n                                                        }\n                                #imagecontent-block_4eab925d98b01ebec08d89c6871cf77d.protrude {\n                    padding-bottom: 50px;\n                }\n            }\n                    <\/style>\n            \n\n\n                            \n        \n        <div id=\"column-block_5c92fb320a2bd24e2948dc609fbd7ff1\" class=\"columns six\">\n            <div class=\"grid-container margins\">\n                <div class=\"grid-x grid-full-content grid-margin-x\">\n\n                    \n                                                                    \n                            <div class=\"cell large-6 medium-12 small-12\">\n                                <div class=\"cell-interior\">\n                                                                                                            <div class=\"icon\"><img decoding=\"async\" src=\"https:\/\/www.carterbloodcare.org\/es\/wp-content\/uploads\/sites\/10\/2024\/08\/dr-chupacabras-donation-process-1.png\" alt=\"\" \/><\/div>\n                                                                                                            <div class=\"sub-title sub-heading\">PASO 1<\/div>\n                                                                                                            <div class=\"title h4\">Preparaci\u00f3n<\/div>\n                                                                                                            <div class=\"description body-three\"><p>Antes de su donaci\u00f3n, aseg\u00farese de beber mucha agua. Tambi\u00e9n recomendamos comer una comida bien balanceada dos horas antes de su donaci\u00f3n. <a href=\"https:\/\/www.carterbloodcare.org\/es\/education-center\/elegibilidad-de-donacion\/\">Verifique si puede donar<\/a>.<\/p>\n<\/div>\n                                    \n                                                                    <\/div>\n                            <\/div>\n                                                \n                            <div class=\"cell large-6 medium-12 small-12\">\n                                <div class=\"cell-interior\">\n                                                                                                            <div class=\"icon\"><img decoding=\"async\" src=\"https:\/\/www.carterbloodcare.org\/es\/wp-content\/uploads\/sites\/10\/2024\/08\/dr-chupacabras-donation-process-2.png\" alt=\"\" \/><\/div>\n                                                                                                            <div class=\"sub-title sub-heading\">PASO 2<\/div>\n                                                                                                            <div class=\"title h4\">Registro<\/div>\n                                                                                                            <div class=\"description body-three\"><p>Recuerde traer su identificaci\u00f3n y completar nuestro cuestionario <a href=\"https:\/\/qs.carterbloodcare.org\/HOME\/INDEX\" target=\"_blank\" rel=\"noopener\">QuickScreen<\/a> en l\u00ednea el d\u00eda de su donaci\u00f3n. Se necesita <a href=\"https:\/\/www.carterbloodcare.org\/es\/centro-de-educacion\/preguntas-frecuentes\/que-tipos-de-identificacion-con-foto-se-aceptan\/\">cualquier tipo de identificaci\u00f3n con foto<\/a> para proceder con la donaci\u00f3n.<\/p>\n<\/div>\n                                    \n                                                                    <\/div>\n                            <\/div>\n                                                \n                            <div class=\"cell large-6 medium-12 small-12\">\n                                <div class=\"cell-interior\">\n                                                                                                            <div class=\"icon\"><img decoding=\"async\" src=\"https:\/\/www.carterbloodcare.org\/es\/wp-content\/uploads\/sites\/10\/2024\/08\/dr-chupacabras-donation-process-3.png\" alt=\"\" \/><\/div>\n                                                                                                            <div class=\"sub-title sub-heading\">PASO 3<\/div>\n                                                                                                            <div class=\"title h4\">Revisi\u00f3n de Salud<\/div>\n                                                                                                            <div class=\"description body-three\"><p>Personal capacitado de Carter BloodCare revisar\u00e1 su historial m\u00e9dico con usted. Esto incluir\u00e1 tomar su temperatura, presi\u00f3n arterial, pulso, analizar su <a href=\"https:\/\/www.carterbloodcare.org\/es\/education-center\/comprender-los-resultados-de-sus-examenes\/hemoglobina\/\">hemoglobina<\/a> y que su peso sea el m\u00ednimo requerido de 110 libras.<\/p>\n<\/div>\n                                    \n                                                                    <\/div>\n                            <\/div>\n                                                \n                            <div class=\"cell large-6 medium-12 small-12\">\n                                <div class=\"cell-interior\">\n                                                                                                            <div class=\"icon\"><img decoding=\"async\" src=\"https:\/\/www.carterbloodcare.org\/es\/wp-content\/uploads\/sites\/10\/2024\/08\/dr-chupacabras-donation-process-4.png\" alt=\"\" \/><\/div>\n                                                                                                            <div class=\"sub-title sub-heading\">PASO 4<\/div>\n                                                                                                            <div class=\"title h4\">Donaci\u00f3n<\/div>\n                                                                                                            <div class=\"description body-three\"><p>Su flebotomista le pedir\u00e1 que se recueste y se relaje mientras le limpian el brazo con un antis\u00e9ptico. Su sangre se extraer\u00e1 con una aguja nueva est\u00e9ril desechable. Una vez que est\u00e9 en la camilla de donaci\u00f3n, el proceso dura aproximadamente 10 minutos para sangre entera. Los tiempos de <a href=\"https:\/\/www.carterbloodcare.org\/es\/education-center\/glosario\/recoleccion-automatizada-de-componentes-sanguineos\/\">donaci\u00f3n automatizados<\/a> pueden var\u00edar.<\/p>\n<\/div>\n                                    \n                                                                    <\/div>\n                            <\/div>\n                                                \n                            <div class=\"cell large-6 medium-12 small-12\">\n                                <div class=\"cell-interior\">\n                                                                                                            <div class=\"icon\"><img decoding=\"async\" src=\"https:\/\/www.carterbloodcare.org\/es\/wp-content\/uploads\/sites\/10\/2024\/08\/dr-chupacabras-donation-process-5.png\" alt=\"\" \/><\/div>\n                                                                                                            <div class=\"sub-title sub-heading\">PASO 5<\/div>\n                                                                                                            <div class=\"title h4\">Despu\u00e9s de la donaci\u00f3n<\/div>\n                                                                                                            <div class=\"description body-three\"><p data-pm-slice=\"1 1 []\">Es importante que Usted se reponga con l\u00edquidos despu\u00e9s de donar para minimizar cualquier efecto adverso. Todos los donantes deben permanecer por lo menos 15 minutos en el Area de Descanso y Recuperaci\u00f3n.<\/p>\n<\/div>\n                                    \n                                                                    <\/div>\n                            <\/div>\n                                                \n                            <div class=\"cell large-6 medium-12 small-12\">\n                                <div class=\"cell-interior\">\n                                                                                                            <div class=\"icon\"><img decoding=\"async\" src=\"https:\/\/www.carterbloodcare.org\/es\/wp-content\/uploads\/sites\/10\/2024\/08\/dr-chupacabras-donation-process-6.png\" alt=\"\" \/><\/div>\n                                                                                                            <div class=\"sub-title sub-heading\">PASO 6<\/div>\n                                                                                                            <div class=\"title h4\">Vea los resultados de su chequeo m\u00e9dico<\/div>\n                                                                                                            <div class=\"description body-three\"><p>Tres d\u00edas despu\u00e9s de su donaci\u00f3n, entre a su <a href=\"https:\/\/ww2.greatpartners.org\/donor\/auth\/signin\" target=\"_blank\" rel=\"noopener\">portal<\/a> para verificar los resultados de su mini ex\u00e1men f\u00edsico, ver resultatos de colesterol sin ayuno, su tipo de sangre y canjear sus puntos de Recompensas de Donantes Dedicados.<\/p>\n<\/div>\n                                    \n                                                                    <\/div>\n                            <\/div>\n                                                \n                            <div class=\"cell large-6 medium-12 small-12\">\n                                <div class=\"cell-interior box\">\n                                                                                                                                                                                    <div class=\"description body-three\"><p>Si tiene algun s\u00edntoma, pregunta o inquietud <strong>despu\u00e9s<\/strong> de donar sangre, comun\u00edquese con nuestro Departamento de Defensor de Donantes al <strong>817-343-3926<\/strong>\u00a0o <a href=\"mailto:donoradvocate@carterbloodcare.org\">donoradvocate@carterbloodcare.org<\/a>.<\/p>\n<\/div>\n                                    \n                                                                    <\/div>\n                            <\/div>\n                                                            <\/div>\n            <\/div>\n        <\/div>\n                <style text=\"text\/css\">\n            #column-block_5c92fb320a2bd24e2948dc609fbd7ff1{\n                                padding-top: 100px;\n                                                padding-bottom: 100px;\n                            }\n                        @media screen and (max-width: 1023px){\n                #column-block_5c92fb320a2bd24e2948dc609fbd7ff1{\n                                            padding-top: 50px;\n                                                                padding-bottom: 50px;\n                                    }\n            }\n                    <\/style>\n            \n\n    \n                    \n            \n            <div id=\"imagecontent-block_fda071981e1e48dfaa9f5c5f7f6eb928\" class=\"imagecontent white protrude\" style=\"background-image: url('https:\/\/www.carterbloodcare.org\/es\/wp-content\/uploads\/sites\/10\/2021\/11\/horizontal-background.png'); \">\n                <div class=\"grid-container margins\">\n                    <div class=\"grid-x grid-margin-x grid-image-content\">\n                        <div class=\"cell large-6 medium-12 small-12 left text-column\">\n                            <div class=\"grid-x\"><div class=\"large-4 medium-12 small-12 center-align\">\n                                                                                                    <img decoding=\"async\" src=\"https:\/\/www.carterbloodcare.org\/es\/wp-content\/uploads\/sites\/10\/2021\/11\/Can-I-donate-blood.png\" alt=\"\" class=\"imagecontent-icon\" \/>\n                                \n\n                            <\/div><div class=\"cell large-8 medium-12 small-12\">\n                                                                <div class=\"sub-title sub-heading\">ELEGIBILIDAD<\/div>\n                                \n                                                                <div class=\"title h3\">\u00bfPuedo donar sangre?<\/div>\n                                \n\n                                                                <div class=\"description body-one\"><p>Descubra si puede donar.<\/p>\n<\/div>\n                                \n                                                                <div class=\"link textlink-one\">\n                                    <a href=\"https:\/\/www.carterbloodcare.org\/es\/education-center\/elegibilidad-de-donacion\/\" aria-labelledby=\"Verificar mi elegibilidad\" class=\"button red\">Verificar mi elegibilidad<\/a>\n                                                                    <\/div>\n                                \n                            <\/div><\/div>                        <\/div>\n                                                <div class=\"cell large-6 medium-12 small-12 right image-column\">\n                                                        <iframe loading=\"lazy\" width=\"560\" height=\"315\" src=\"https:\/\/www.youtube.com\/embed\/mFJHbOzxWgc\" title=\"YouTube video player\" frameborder=\"0\" allow=\"accelerometer; autoplay; clipboard-write; encrypted-media; gyroscope; picture-in-picture; web-share\" allowfullscreen><\/iframe>                                                    <\/div>\n                    <\/div>\n                <\/div>\n            <\/div>\n                        <style text=\"text\/css\">\n                         #imagecontent-block_fda071981e1e48dfaa9f5c5f7f6eb928{\n                                padding-top: 100px;\n                                                padding-bottom: 100px;\n                            }\n                                    @media screen and (max-width: 1023px){\n                                #imagecontent-block_fda071981e1e48dfaa9f5c5f7f6eb928{\n                                            padding-top: 50px;\n                                                                padding-bottom: 50px;\n                                    }\n                                #imagecontent-block_fda071981e1e48dfaa9f5c5f7f6eb928.protrude {\n                    padding-bottom: 50px;\n                }\n            }\n                    <\/style>\n            ","protected":false},"excerpt":{"rendered":"","protected":false},"author":10,"featured_media":0,"parent":827,"menu_order":0,"comment_status":"closed","ping_status":"closed","template":"smaller-margins.php","meta":{"_acf_changed":true,"footnotes":""},"class_list":["post-1240","page","type-page","status-publish","hentry"],"acf":[],"yoast_head":"<!-- This site is optimized with the Yoast SEO plugin v27.5 - https:\/\/yoast.com\/product\/yoast-seo-wordpress\/ -->\n<title>Proceso de donaci\u00f3n de sangre: qu\u00e9 esperar | Carter BloodCare<\/title>\n<meta name=\"description\" content=\"Donating blood is a safe and rewarding experience for both new and returning donors. Learn more about CBC&#039;s process, from registration to refreshments.\" \/>\n<meta name=\"robots\" content=\"index, follow, max-snippet:-1, max-image-preview:large, max-video-preview:-1\" \/>\n<link rel=\"canonical\" href=\"https:\/\/www.carterbloodcare.org\/es\/donar-sangre\/proceso-de-donacion\/\" \/>\n<meta property=\"og:locale\" content=\"en_US\" \/>\n<meta property=\"og:type\" content=\"article\" \/>\n<meta property=\"og:title\" content=\"Proceso de donaci\u00f3n de sangre: qu\u00e9 esperar | Carter BloodCare\" \/>\n<meta property=\"og:description\" content=\"Donating blood is a safe and rewarding experience for both new and returning donors. Learn more about CBC&#039;s process, from registration to refreshments.\" \/>\n<meta property=\"og:url\" content=\"https:\/\/www.carterbloodcare.org\/es\/donar-sangre\/proceso-de-donacion\/\" \/>\n<meta property=\"og:site_name\" content=\"Carter BloodCare (Espa\u00f1ol)\" \/>\n<meta property=\"article:modified_time\" content=\"2025-11-21T21:38:37+00:00\" \/>\n<meta name=\"twitter:card\" content=\"summary_large_image\" \/>\n<meta name=\"twitter:label1\" content=\"Est. reading time\" \/>\n\t<meta name=\"twitter:data1\" content=\"3 minutes\" \/>\n<script type=\"application\/ld+json\" class=\"yoast-schema-graph\">{\"@context\":\"https:\\\/\\\/schema.org\",\"@graph\":[{\"@type\":\"WebPage\",\"@id\":\"https:\\\/\\\/www.carterbloodcare.org\\\/es\\\/donar-sangre\\\/proceso-de-donacion\\\/\",\"url\":\"https:\\\/\\\/www.carterbloodcare.org\\\/es\\\/donar-sangre\\\/proceso-de-donacion\\\/\",\"name\":\"Proceso de donaci\u00f3n de sangre: qu\u00e9 esperar | Carter BloodCare\",\"isPartOf\":{\"@id\":\"https:\\\/\\\/www.carterbloodcare.org\\\/es\\\/#website\"},\"datePublished\":\"2021-11-22T21:47:59+00:00\",\"dateModified\":\"2025-11-21T21:38:37+00:00\",\"description\":\"Donating blood is a safe and rewarding experience for both new and returning donors. Learn more about CBC's process, from registration to refreshments.\",\"breadcrumb\":{\"@id\":\"https:\\\/\\\/www.carterbloodcare.org\\\/es\\\/donar-sangre\\\/proceso-de-donacion\\\/#breadcrumb\"},\"inLanguage\":\"en-US\",\"potentialAction\":[{\"@type\":\"ReadAction\",\"target\":[\"https:\\\/\\\/www.carterbloodcare.org\\\/es\\\/donar-sangre\\\/proceso-de-donacion\\\/\"]}]},{\"@type\":\"BreadcrumbList\",\"@id\":\"https:\\\/\\\/www.carterbloodcare.org\\\/es\\\/donar-sangre\\\/proceso-de-donacion\\\/#breadcrumb\",\"itemListElement\":[{\"@type\":\"ListItem\",\"position\":1,\"name\":\"Inicio\",\"item\":\"https:\\\/\\\/www.carterbloodcare.org\\\/es\\\/\"},{\"@type\":\"ListItem\",\"position\":2,\"name\":\"Donar sangre\",\"item\":\"https:\\\/\\\/www.carterbloodcare.org\\\/es\\\/donar-sangre\\\/\"},{\"@type\":\"ListItem\",\"position\":3,\"name\":\"Proceso de Donaci\u00f3n\"}]},{\"@type\":\"WebSite\",\"@id\":\"https:\\\/\\\/www.carterbloodcare.org\\\/es\\\/#website\",\"url\":\"https:\\\/\\\/www.carterbloodcare.org\\\/es\\\/\",\"name\":\"Carter BloodCare (Espa\u00f1ol)\",\"description\":\"Just another Carter BloodCare Sites site\",\"potentialAction\":[{\"@type\":\"SearchAction\",\"target\":{\"@type\":\"EntryPoint\",\"urlTemplate\":\"https:\\\/\\\/www.carterbloodcare.org\\\/es\\\/?s={search_term_string}\"},\"query-input\":{\"@type\":\"PropertyValueSpecification\",\"valueRequired\":true,\"valueName\":\"search_term_string\"}}],\"inLanguage\":\"en-US\"}]}<\/script>\n<!-- \/ Yoast SEO plugin. -->","yoast_head_json":{"title":"Proceso de donaci\u00f3n de sangre: qu\u00e9 esperar | Carter BloodCare","description":"Donating blood is a safe and rewarding experience for both new and returning donors. Learn more about CBC's process, from registration to refreshments.","robots":{"index":"index","follow":"follow","max-snippet":"max-snippet:-1","max-image-preview":"max-image-preview:large","max-video-preview":"max-video-preview:-1"},"canonical":"https:\/\/www.carterbloodcare.org\/es\/donar-sangre\/proceso-de-donacion\/","og_locale":"en_US","og_type":"article","og_title":"Proceso de donaci\u00f3n de sangre: qu\u00e9 esperar | Carter BloodCare","og_description":"Donating blood is a safe and rewarding experience for both new and returning donors. Learn more about CBC's process, from registration to refreshments.","og_url":"https:\/\/www.carterbloodcare.org\/es\/donar-sangre\/proceso-de-donacion\/","og_site_name":"Carter BloodCare (Espa\u00f1ol)","article_modified_time":"2025-11-21T21:38:37+00:00","twitter_card":"summary_large_image","twitter_misc":{"Est. reading time":"3 minutes"},"schema":{"@context":"https:\/\/schema.org","@graph":[{"@type":"WebPage","@id":"https:\/\/www.carterbloodcare.org\/es\/donar-sangre\/proceso-de-donacion\/","url":"https:\/\/www.carterbloodcare.org\/es\/donar-sangre\/proceso-de-donacion\/","name":"Proceso de donaci\u00f3n de sangre: qu\u00e9 esperar | Carter BloodCare","isPartOf":{"@id":"https:\/\/www.carterbloodcare.org\/es\/#website"},"datePublished":"2021-11-22T21:47:59+00:00","dateModified":"2025-11-21T21:38:37+00:00","description":"Donating blood is a safe and rewarding experience for both new and returning donors. Learn more about CBC's process, from registration to refreshments.","breadcrumb":{"@id":"https:\/\/www.carterbloodcare.org\/es\/donar-sangre\/proceso-de-donacion\/#breadcrumb"},"inLanguage":"en-US","potentialAction":[{"@type":"ReadAction","target":["https:\/\/www.carterbloodcare.org\/es\/donar-sangre\/proceso-de-donacion\/"]}]},{"@type":"BreadcrumbList","@id":"https:\/\/www.carterbloodcare.org\/es\/donar-sangre\/proceso-de-donacion\/#breadcrumb","itemListElement":[{"@type":"ListItem","position":1,"name":"Inicio","item":"https:\/\/www.carterbloodcare.org\/es\/"},{"@type":"ListItem","position":2,"name":"Donar sangre","item":"https:\/\/www.carterbloodcare.org\/es\/donar-sangre\/"},{"@type":"ListItem","position":3,"name":"Proceso de Donaci\u00f3n"}]},{"@type":"WebSite","@id":"https:\/\/www.carterbloodcare.org\/es\/#website","url":"https:\/\/www.carterbloodcare.org\/es\/","name":"Carter BloodCare (Espa\u00f1ol)","description":"Just another Carter BloodCare Sites site","potentialAction":[{"@type":"SearchAction","target":{"@type":"EntryPoint","urlTemplate":"https:\/\/www.carterbloodcare.org\/es\/?s={search_term_string}"},"query-input":{"@type":"PropertyValueSpecification","valueRequired":true,"valueName":"search_term_string"}}],"inLanguage":"en-US"}]}},"_links":{"self":[{"href":"https:\/\/www.carterbloodcare.org\/es\/wp-json\/wp\/v2\/pages\/1240","targetHints":{"allow":["GET"]}}],"collection":[{"href":"https:\/\/www.carterbloodcare.org\/es\/wp-json\/wp\/v2\/pages"}],"about":[{"href":"https:\/\/www.carterbloodcare.org\/es\/wp-json\/wp\/v2\/types\/page"}],"author":[{"embeddable":true,"href":"https:\/\/www.carterbloodcare.org\/es\/wp-json\/wp\/v2\/users\/10"}],"replies":[{"embeddable":true,"href":"https:\/\/www.carterbloodcare.org\/es\/wp-json\/wp\/v2\/comments?post=1240"}],"version-history":[{"count":0,"href":"https:\/\/www.carterbloodcare.org\/es\/wp-json\/wp\/v2\/pages\/1240\/revisions"}],"up":[{"embeddable":true,"href":"https:\/\/www.carterbloodcare.org\/es\/wp-json\/wp\/v2\/pages\/827"}],"wp:attachment":[{"href":"https:\/\/www.carterbloodcare.org\/es\/wp-json\/wp\/v2\/media?parent=1240"}],"curies":[{"name":"wp","href":"https:\/\/api.w.org\/{rel}","templated":true}]}}